{"id":33971,"date":"2024-01-10T18:08:12","date_gmt":"2024-01-10T17:08:12","guid":{"rendered":"https:\/\/doctorabraso.com\/contact\/"},"modified":"2026-03-18T14:58:56","modified_gmt":"2026-03-18T13:58:56","slug":"contact","status":"publish","type":"page","link":"https:\/\/doctorabraso.com\/en\/contact\/","title":{"rendered":"Contact"},"content":{"rendered":"\t\t<div data-elementor-type=\"wp-page\" data-elementor-id=\"33971\" class=\"elementor elementor-33971 elementor-25\" data-elementor-post-type=\"page\">\n\t\t\t\t<div class=\"elementor-element elementor-element-e510fdd e-flex e-con-boxed e-con e-parent\" data-id=\"e510fdd\" data-element_type=\"container\" data-e-type=\"container\">\n\t\t\t\t\t<div class=\"e-con-inner\">\n\t\t\t\t<div class=\"elementor-element elementor-element-3171e6b elementor-widget elementor-widget-theme-post-title elementor-page-title elementor-widget-heading\" data-id=\"3171e6b\" data-element_type=\"widget\" data-e-type=\"widget\" data-widget_type=\"theme-post-title.default\">\n\t\t\t\t<div class=\"elementor-widget-container\">\n\t\t\t\t\t<h1 class=\"elementor-heading-title elementor-size-default\">Contact<\/h1>\t\t\t\t<\/div>\n\t\t\t\t<\/div>\n\t\t\t\t<div class=\"elementor-element elementor-element-eb39ff8 elementor-widget-divider--view-line elementor-widget elementor-widget-divider\" data-id=\"eb39ff8\" data-element_type=\"widget\" data-e-type=\"widget\" data-widget_type=\"divider.default\">\n\t\t\t\t<div class=\"elementor-widget-container\">\n\t\t\t\t\t\t\t<div class=\"elementor-divider\">\n\t\t\t<span class=\"elementor-divider-separator\">\n\t\t\t\t\t\t<\/span>\n\t\t<\/div>\n\t\t\t\t\t\t<\/div>\n\t\t\t\t<\/div>\n\t\t\t\t<div class=\"elementor-element elementor-element-2ce1aa7 elementor-widget elementor-widget-template\" data-id=\"2ce1aa7\" data-element_type=\"widget\" data-e-type=\"widget\" data-widget_type=\"template.default\">\n\t\t\t\t<div class=\"elementor-widget-container\">\n\t\t\t\t\t\t\t<div class=\"elementor-template\">\n\t\t\t\t\t<div data-elementor-type=\"container\" data-elementor-id=\"33874\" class=\"elementor elementor-33874 elementor-1304 elementor-1304\" data-elementor-post-type=\"elementor_library\">\n\t\t\t\t<div class=\"elementor-element elementor-element-1c506e8f e-flex e-con-boxed e-con e-parent\" data-id=\"1c506e8f\" data-element_type=\"container\" data-e-type=\"container\">\n\t\t\t\t\t<div class=\"e-con-inner\">\n\t\t<div class=\"elementor-element elementor-element-2c760b25 e-con-full e-flex e-con e-child\" data-id=\"2c760b25\" data-element_type=\"container\" data-e-type=\"container\">\n\t\t\t\t<div class=\"elementor-element elementor-element-8339035 elementor-button-align-start elementor-widget elementor-widget-form\" data-id=\"8339035\" data-element_type=\"widget\" data-e-type=\"widget\" data-settings=\"{&quot;step_next_label&quot;:&quot;Next&quot;,&quot;step_previous_label&quot;:&quot;Previous&quot;,&quot;button_width&quot;:&quot;100&quot;,&quot;step_type&quot;:&quot;number_text&quot;,&quot;step_icon_shape&quot;:&quot;circle&quot;}\" data-widget_type=\"form.default\">\n\t\t\t\t<div class=\"elementor-widget-container\">\n\t\t\t\t\t\t\t<form class=\"elementor-form\" method=\"post\" id=\"form_tratamientos\" name=\"Treatment Request\" aria-label=\"Treatment Request\">\n\t\t\t<input type=\"hidden\" name=\"post_id\" value=\"33874\"\/>\n\t\t\t<input type=\"hidden\" name=\"form_id\" value=\"8339035\"\/>\n\t\t\t<input type=\"hidden\" name=\"referer_title\" value=\"\" \/>\n\n\t\t\t\n\t\t\t<div class=\"elementor-form-fields-wrapper elementor-labels-above\">\n\t\t\t\t\t\t\t\t<div class=\"elementor-field-type-text elementor-field-group elementor-column elementor-field-group-name elementor-col-100 elementor-field-required elementor-mark-required\">\n\t\t\t\t\t\t\t\t\t\t\t\t<label for=\"form-field-name\" class=\"elementor-field-label\">\n\t\t\t\t\t\t\t\tName and Surname\t\t\t\t\t\t\t<\/label>\n\t\t\t\t\t\t\t\t\t\t\t\t\t\t<input size=\"1\" type=\"text\" name=\"form_fields[name]\" id=\"form-field-name\" class=\"elementor-field elementor-size-sm  elementor-field-textual\" required=\"required\">\n\t\t\t\t\t\t\t\t\t\t\t<\/div>\n\t\t\t\t\t\t\t\t<div class=\"elementor-field-type-email elementor-field-group elementor-column elementor-field-group-email elementor-col-100 elementor-field-required elementor-mark-required\">\n\t\t\t\t\t\t\t\t\t\t\t\t<label for=\"form-field-email\" class=\"elementor-field-label\">\n\t\t\t\t\t\t\t\tEmail\t\t\t\t\t\t\t<\/label>\n\t\t\t\t\t\t\t\t\t\t\t\t\t\t<input size=\"1\" type=\"email\" name=\"form_fields[email]\" id=\"form-field-email\" class=\"elementor-field elementor-size-sm  elementor-field-textual\" required=\"required\">\n\t\t\t\t\t\t\t\t\t\t\t<\/div>\n\t\t\t\t\t\t\t\t<div class=\"elementor-field-type-tel elementor-field-group elementor-column elementor-field-group-field_d5f8acd elementor-col-100 elementor-field-required elementor-mark-required\">\n\t\t\t\t\t\t\t\t\t\t\t\t<label for=\"form-field-field_d5f8acd\" class=\"elementor-field-label\">\n\t\t\t\t\t\t\t\tPhone Number\t\t\t\t\t\t\t<\/label>\n\t\t\t\t\t\t\t\t<input size=\"1\" type=\"tel\" name=\"form_fields[field_d5f8acd]\" id=\"form-field-field_d5f8acd\" class=\"elementor-field elementor-size-sm  elementor-field-textual\" required=\"required\" pattern=\"[0-9()#&amp;+*-=.]+\" title=\"Only numbers and phone characters (#, -, *, etc) are accepted.\">\n\n\t\t\t\t\t\t<\/div>\n\t\t\t\t\t\t\t\t<div class=\"elementor-field-type-textarea elementor-field-group elementor-column elementor-field-group-message elementor-col-100\">\n\t\t\t\t\t\t\t\t\t\t\t\t<label for=\"form-field-message\" class=\"elementor-field-label\">\n\t\t\t\t\t\t\t\tMessage\t\t\t\t\t\t\t<\/label>\n\t\t\t\t\t\t<textarea class=\"elementor-field-textual elementor-field  elementor-size-sm\" name=\"form_fields[message]\" id=\"form-field-message\" rows=\"5\"><\/textarea>\t\t\t\t<\/div>\n\t\t\t\t\t\t\t\t<div class=\"elementor-field-type-acceptance elementor-field-group elementor-column elementor-field-group-field_b912c25 elementor-col-100\">\n\t\t\t\t\t\t\t<div class=\"elementor-field-subgroup\">\n\t\t\t<span class=\"elementor-field-option\">\n\t\t\t\t<input type=\"checkbox\" name=\"form_fields[field_b912c25]\" id=\"form-field-field_b912c25\" class=\"elementor-field elementor-size-sm  elementor-acceptance-field\">\n\t\t\t\t<label for=\"form-field-field_b912c25\">I agree to receive commercial information, including via electronic means.<\/label>\t\t\t<\/span>\n\t\t<\/div>\n\t\t\t\t\t\t<\/div>\n\t\t\t\t\t\t\t\t<div class=\"elementor-field-type-acceptance elementor-field-group elementor-column elementor-field-group-field_2cc1bea elementor-col-100 elementor-field-required elementor-mark-required\">\n\t\t\t\t\t\t\t<div class=\"elementor-field-subgroup\">\n\t\t\t<span class=\"elementor-field-option\">\n\t\t\t\t<input type=\"checkbox\" name=\"form_fields[field_2cc1bea]\" id=\"form-field-field_2cc1bea\" class=\"elementor-field elementor-size-sm  elementor-acceptance-field\" required=\"required\">\n\t\t\t\t<label for=\"form-field-field_2cc1bea\">I have read and accept the Terms Conditions and <a href=\"https:\/\/doctorabraso.com\/en\/legal-notice-terms-use\/\" target=\"_blank\">Privacy Policy<\/a><\/label>\t\t\t<\/span>\n\t\t<\/div>\n\t\t\t\t\t\t<\/div>\n\t\t\t\t\t\t\t\t<div class=\"elementor-field-type-html elementor-field-group elementor-column elementor-field-group-field_f61830f elementor-col-100\">\n\t\t\t\t\t<strong>Responsible<\/strong>:\nBRAS\u00d3 CLINIC (trade name)\nCONSULTING UNIT DR. BRAS\u00d3, SLU\nSERVEIS INTEGRALS DE LA SALUT BRAS\u00d3, SLU\nC\/Elefant, 1, 08197 Sant Cugat del Vall\u00e8s (Barcelona)\nwww.doctorabraso.com\ninfo@doctorabraso.com\nTelephones: +34 629910683 | +34 931 03 83 95 <br><strong>Purpose<\/strong>: Management of the contact requested by the user.<br><strong>Legal basis:<\/strong> Your consent, in compliance with Art. 6.1.a of the GDPR 2016\/679.\n<strong>Recipients<\/strong>: Your data will not be transferred to any other entity.<br><strong>Rights<\/strong>: Access, rectification, erasure and portability of your data, and the limitation or objection to its processing, revocation of consent; you can also request the protection of the Spanish Data Protection Agency (https:\/\/www.aepd.es\/derechos-y-deberes\/ejerce-tus-derechos) info@clinicabraso.com<br><strong>Further information: <\/strong>In the legal sections of the corporate website or by contacting us.\t\t\t\t<\/div>\n\t\t\t\t\t\t\t\t<div class=\"elementor-field-type-recaptcha_v3 elementor-field-group elementor-column elementor-field-group-field_39b0354 elementor-col-100 recaptcha_v3-bottomright\">\n\t\t\t\t\t<div class=\"elementor-field\" id=\"form-field-field_39b0354\"><div class=\"elementor-g-recaptcha\" data-sitekey=\"6Lca8nAqAAAAAC4m8Dty5laU89AMn6BvLtVCI529\" data-type=\"v3\" data-action=\"Form\" data-badge=\"bottomright\" data-size=\"invisible\"><\/div><\/div>\t\t\t\t<\/div>\n\t\t\t\t\t\t\t\t<div class=\"elementor-field-group elementor-column elementor-field-type-submit elementor-col-100 e-form__buttons\">\n\t\t\t\t\t<button class=\"elementor-button elementor-size-md\" type=\"submit\">\n\t\t\t\t\t\t<span class=\"elementor-button-content-wrapper\">\n\t\t\t\t\t\t\t\t\t\t\t\t\t\t\t\t\t\t\t\t\t\t<span class=\"elementor-button-text\">Send<\/span>\n\t\t\t\t\t\t\t\t\t\t\t\t\t<\/span>\n\t\t\t\t\t<\/button>\n\t\t\t\t<\/div>\n\t\t\t<\/div>\n\t\t<\/form>\n\t\t\t\t\t\t<\/div>\n\t\t\t\t<\/div>\n\t\t\t\t<\/div>\n\t\t<div class=\"elementor-element elementor-element-9110676 e-con-full e-flex e-con e-child\" data-id=\"9110676\" data-element_type=\"container\" data-e-type=\"container\" data-settings=\"{&quot;background_background&quot;:&quot;classic&quot;}\">\n\t\t\t\t<div class=\"elementor-element elementor-element-2b45acc4 elementor-widget elementor-widget-heading\" data-id=\"2b45acc4\" data-element_type=\"widget\" data-e-type=\"widget\" data-widget_type=\"heading.default\">\n\t\t\t\t<div class=\"elementor-widget-container\">\n\t\t\t\t\t<h4 class=\"elementor-heading-title elementor-size-default\">Contact us.<br>Visit us in person or online.<\/h4>\t\t\t\t<\/div>\n\t\t\t\t<\/div>\n\t\t\t\t<div class=\"elementor-element elementor-element-4c2a657 elementor-widget elementor-widget-heading\" data-id=\"4c2a657\" data-element_type=\"widget\" data-e-type=\"widget\" data-widget_type=\"heading.default\">\n\t\t\t\t<div class=\"elementor-widget-container\">\n\t\t\t\t\t<h4 class=\"elementor-heading-title elementor-size-default\"><a href=\"tel:6031112298\"><p style=\"color: #CAAD9C !important\">\n Leave us your details or call us at\n<a href=\"tel:+34931038395\" style=\"color: #CAAD9C;font-weight: bold !important\">931 038 395<\/a>\nor\n<a href=\"tel:+34629910683\" style=\"color: #CAAD9C;font-weight: bold !important\">629 910 683<\/a>.\n<\/p><\/a><\/h4>\t\t\t\t<\/div>\n\t\t\t\t<\/div>\n\t\t\t\t<div class=\"elementor-element elementor-element-3940ba5 elementor-widget elementor-widget-heading\" data-id=\"3940ba5\" data-element_type=\"widget\" data-e-type=\"widget\" data-widget_type=\"heading.default\">\n\t\t\t\t<div class=\"elementor-widget-container\">\n\t\t\t\t\t<h4 class=\"elementor-heading-title elementor-size-default\"><a href=\"tel:6031112298\">Our team is ready to listen to you, advise you, and guide you on your journey to becoming your best self. Don't miss this opportunity to boost your well-being. \n<\/a><\/h4>\t\t\t\t<\/div>\n\t\t\t\t<\/div>\n\t\t\t\t<\/div>\n\t\t\t\t\t<\/div>\n\t\t\t\t<\/div>\n\t\t\t\t<\/div>\n\t\t\t\t<\/div>\n\t\t\t\t\t\t<\/div>\n\t\t\t\t<\/div>\n\t\t\t\t\t<\/div>\n\t\t\t\t<\/div>\n\t\t\t\t<\/div>\n\t\t","protected":false},"excerpt":{"rendered":"","protected":false},"author":6,"featured_media":0,"parent":0,"menu_order":0,"comment_status":"closed","ping_status":"closed","template":"","meta":{"_seopress_robots_primary_cat":"","_seopress_titles_title":"Contact - Plastic, Aesthetic and Reconstructive Surgery | Cl\u00ednica Bras\u00f3","_seopress_titles_desc":"Book your appointment and request all the information about Cl\u00ednica Bras\u00f3\u2019s portfolio of plastic, aesthetic and reconstructive surgery procedures.","_seopress_robots_index":"","footnotes":""},"class_list":["post-33971","page","type-page","status-publish"],"_links":{"self":[{"href":"https:\/\/doctorabraso.com\/en\/wp-json\/wp\/v2\/pages\/33971","targetHints":{"allow":["GET"]}}],"collection":[{"href":"https:\/\/doctorabraso.com\/en\/wp-json\/wp\/v2\/pages"}],"about":[{"href":"https:\/\/doctorabraso.com\/en\/wp-json\/wp\/v2\/types\/page"}],"author":[{"embeddable":true,"href":"https:\/\/doctorabraso.com\/en\/wp-json\/wp\/v2\/users\/6"}],"replies":[{"embeddable":true,"href":"https:\/\/doctorabraso.com\/en\/wp-json\/wp\/v2\/comments?post=33971"}],"version-history":[{"count":1,"href":"https:\/\/doctorabraso.com\/en\/wp-json\/wp\/v2\/pages\/33971\/revisions"}],"predecessor-version":[{"id":33972,"href":"https:\/\/doctorabraso.com\/en\/wp-json\/wp\/v2\/pages\/33971\/revisions\/33972"}],"wp:attachment":[{"href":"https:\/\/doctorabraso.com\/en\/wp-json\/wp\/v2\/media?parent=33971"}],"curies":[{"name":"wp","href":"https:\/\/api.w.org\/{rel}","templated":true}]}}