{"id":34875,"date":"2024-05-01T11:14:14","date_gmt":"2024-05-01T09:14:14","guid":{"rendered":"https:\/\/doctorabraso.com\/team\/dra-cristina-braso\/"},"modified":"2026-03-31T10:31:59","modified_gmt":"2026-03-31T08:31:59","slug":"dra-cristina-braso","status":"publish","type":"page","link":"https:\/\/doctorabraso.com\/en\/team\/dra-cristina-braso\/","title":{"rendered":"Dra. Cristina Bras\u00f3"},"content":{"rendered":"\t\t<div data-elementor-type=\"wp-page\" data-elementor-id=\"34875\" class=\"elementor elementor-34875 elementor-8664\" data-elementor-post-type=\"page\">\n\t\t\t\t<div class=\"elementor-element elementor-element-42c809c e-flex e-con-boxed e-con e-parent\" data-id=\"42c809c\" data-element_type=\"container\" data-e-type=\"container\">\n\t\t\t\t\t<div class=\"e-con-inner\">\n\t\t<div class=\"elementor-element elementor-element-28fe0cd e-flex e-con-boxed e-con e-child\" data-id=\"28fe0cd\" data-element_type=\"container\" data-e-type=\"container\">\n\t\t\t\t\t<div class=\"e-con-inner\">\n\t\t\t\t<div class=\"elementor-element elementor-element-c99e83a elementor-widget elementor-widget-theme-post-title elementor-page-title elementor-widget-heading\" data-id=\"c99e83a\" data-element_type=\"widget\" data-e-type=\"widget\" data-widget_type=\"theme-post-title.default\">\n\t\t\t\t<div class=\"elementor-widget-container\">\n\t\t\t\t\t<h1 class=\"elementor-heading-title elementor-size-default\">Dra. Cristina Bras\u00f3<\/h1>\t\t\t\t<\/div>\n\t\t\t\t<\/div>\n\t\t\t\t<div class=\"elementor-element elementor-element-5701527 elementor-widget elementor-widget-heading\" data-id=\"5701527\" data-element_type=\"widget\" data-e-type=\"widget\" data-widget_type=\"heading.default\">\n\t\t\t\t<div class=\"elementor-widget-container\">\n\t\t\t\t\t<h2 class=\"elementor-heading-title elementor-size-default\">PIONEER IN SPAIN IN HIGH-DEFINITION LIPOSCULPTURE WITH VASER LIPO\n<\/h2>\t\t\t\t<\/div>\n\t\t\t\t<\/div>\n\t\t\t\t<div class=\"elementor-element elementor-element-5bd4a1c elementor-widget-divider--view-line elementor-widget elementor-widget-divider\" data-id=\"5bd4a1c\" data-element_type=\"widget\" data-e-type=\"widget\" data-widget_type=\"divider.default\">\n\t\t\t\t<div class=\"elementor-widget-container\">\n\t\t\t\t\t\t\t<div class=\"elementor-divider\">\n\t\t\t<span class=\"elementor-divider-separator\">\n\t\t\t\t\t\t<\/span>\n\t\t<\/div>\n\t\t\t\t\t\t<\/div>\n\t\t\t\t<\/div>\n\t\t\t\t\t<\/div>\n\t\t\t\t<\/div>\n\t\t\t\t\t<\/div>\n\t\t\t\t<\/div>\n\t\t<div class=\"elementor-element elementor-element-17ac276 e-flex e-con-boxed e-con e-parent\" data-id=\"17ac276\" data-element_type=\"container\" data-e-type=\"container\">\n\t\t\t\t\t<div class=\"e-con-inner\">\n\t\t<div class=\"elementor-element elementor-element-a6e94c6 e-con-full e-flex e-con e-child\" data-id=\"a6e94c6\" data-element_type=\"container\" data-e-type=\"container\">\n\t\t\t\t<div class=\"elementor-element elementor-element-1eb58a6 elementor-widget elementor-widget-text-editor\" data-id=\"1eb58a6\" data-element_type=\"widget\" data-e-type=\"widget\" data-widget_type=\"text-editor.default\">\n\t\t\t\t<div class=\"elementor-widget-container\">\n\t\t\t\t\t\t\t\t\t<p>Dr. Cristina Bras\u00f3 has over 20 years of experience and has performed more than 7,000 surgeries. She is passionate about body contouring procedures such as high-definition liposculpture with Vaser Lipo, transgender mastectomy, and mastopexy.   <\/p>\t\t\t\t\t\t\t\t<\/div>\n\t\t\t\t<\/div>\n\t\t\t\t<div class=\"elementor-element elementor-element-86be97a elementor-widget elementor-widget-text-editor\" data-id=\"86be97a\" data-element_type=\"widget\" data-e-type=\"widget\" data-widget_type=\"text-editor.default\">\n\t\t\t\t<div class=\"elementor-widget-container\">\n\t\t\t\t\t\t\t\t\t<p>Her approach combines clinical practice with research and teaching. She currently works as an attending surgeon at Hospital General de Catalu\u00f1a and is the director of Cl\u00ednica Dra. Bras\u00f3. <\/p><p>As founder and director of the clinic, Dr. Bras\u00f3 leads a team committed to providing the highest level of personalized care, combining technical excellence with a warm and human approach.  <\/p><p>With recognitions such as Best Surgeon in High-Definition Liposculpture with Lipovaser and being included in the Top 10 Spanish Plastic Surgeons, Dr. Bras\u00f3 is one of the leading figures in her field.  <\/p><p>Her training includes a residency (MIR) in Plastic, Aesthetic and Reconstructive Surgery at the Bellvitge University Hospital, as well as a degree in Medicine and Surgery from the Autonomous University of Barcelona.<\/p><p>Her passion for body contouring procedures and her holistic approach make her a highly respected professional in the field of plastic, aesthetic and reconstructive surgery.<\/p>\t\t\t\t\t\t\t\t<\/div>\n\t\t\t\t<\/div>\n\t\t\t\t<\/div>\n\t\t<div class=\"elementor-element elementor-element-38bd6c6 e-con-full e-flex e-con e-child\" data-id=\"38bd6c6\" data-element_type=\"container\" data-e-type=\"container\">\n\t\t\t\t<div class=\"elementor-element elementor-element-c207d22 elementor-widget elementor-widget-image\" data-id=\"c207d22\" data-element_type=\"widget\" data-e-type=\"widget\" data-widget_type=\"image.default\">\n\t\t\t\t<div class=\"elementor-widget-container\">\n\t\t\t\t\t\t\t\t\t\t\t\t\t\t\t<img fetchpriority=\"high\" decoding=\"async\" width=\"803\" height=\"610\" src=\"https:\/\/doctorabraso.com\/wp-content\/smush-webp\/2025\/04\/nueva-1-dra-braso4.png.webp\" class=\"attachment-full size-full wp-image-34874\" alt=\"nueva 1 dra braso4\" srcset=\"https:\/\/doctorabraso.com\/wp-content\/smush-webp\/2025\/04\/nueva-1-dra-braso4.png.webp 803w, https:\/\/doctorabraso.com\/wp-content\/smush-webp\/2025\/04\/nueva-1-dra-braso4-300x228.png.webp 300w, https:\/\/doctorabraso.com\/wp-content\/smush-webp\/2025\/04\/nueva-1-dra-braso4-768x583.png.webp 768w\" sizes=\"(max-width: 803px) 100vw, 803px\" \/>\t\t\t\t\t\t\t\t\t\t\t\t\t\t\t<\/div>\n\t\t\t\t<\/div>\n\t\t\t\t<\/div>\n\t\t\t\t\t<\/div>\n\t\t\t\t<\/div>\n\t\t\t\t<\/div>\n\t\t","protected":false},"excerpt":{"rendered":"<p>PIONEER IN SPAIN IN HIGH-DEFINITION LIPOSCULPTURE WITH VASER LIPO Dr. Cristina Bras\u00f3 has over 20 years of experience and has performed more than 7,000 surgeries. She is passionate about body contouring procedures such as high-definition liposculpture with Vaser Lipo, transgender mastectomy, and mastopexy. Her approach combines clinical practice with research and teaching. She currently works [&hellip;]<\/p>\n","protected":false},"author":6,"featured_media":0,"parent":33829,"menu_order":0,"comment_status":"closed","ping_status":"closed","template":"","meta":{"_seopress_robots_primary_cat":"","_seopress_titles_title":"","_seopress_titles_desc":"","_seopress_robots_index":"","footnotes":""},"class_list":["post-34875","page","type-page","status-publish"],"_links":{"self":[{"href":"https:\/\/doctorabraso.com\/en\/wp-json\/wp\/v2\/pages\/34875","targetHints":{"allow":["GET"]}}],"collection":[{"href":"https:\/\/doctorabraso.com\/en\/wp-json\/wp\/v2\/pages"}],"about":[{"href":"https:\/\/doctorabraso.com\/en\/wp-json\/wp\/v2\/types\/page"}],"author":[{"embeddable":true,"href":"https:\/\/doctorabraso.com\/en\/wp-json\/wp\/v2\/users\/6"}],"replies":[{"embeddable":true,"href":"https:\/\/doctorabraso.com\/en\/wp-json\/wp\/v2\/comments?post=34875"}],"version-history":[{"count":4,"href":"https:\/\/doctorabraso.com\/en\/wp-json\/wp\/v2\/pages\/34875\/revisions"}],"predecessor-version":[{"id":35066,"href":"https:\/\/doctorabraso.com\/en\/wp-json\/wp\/v2\/pages\/34875\/revisions\/35066"}],"up":[{"embeddable":true,"href":"https:\/\/doctorabraso.com\/en\/wp-json\/wp\/v2\/pages\/33829"}],"wp:attachment":[{"href":"https:\/\/doctorabraso.com\/en\/wp-json\/wp\/v2\/media?parent=34875"}],"curies":[{"name":"wp","href":"https:\/\/api.w.org\/{rel}","templated":true}]}}