{"id":8664,"date":"2024-05-01T11:14:14","date_gmt":"2024-05-01T09:14:14","guid":{"rendered":"https:\/\/dev.doctorabraso.com\/?page_id=8664"},"modified":"2025-04-01T18:06:24","modified_gmt":"2025-04-01T16:06:24","slug":"dra-cristina-braso","status":"publish","type":"page","link":"https:\/\/doctorabraso.com\/es\/equipo\/dra-cristina-braso\/","title":{"rendered":"Dra. Cristina Bras\u00f3"},"content":{"rendered":"\t\t<div data-elementor-type=\"wp-page\" data-elementor-id=\"8664\" class=\"elementor elementor-8664\" data-elementor-post-type=\"page\">\n\t\t\t\t<div class=\"elementor-element elementor-element-42c809c e-flex e-con-boxed e-con e-parent\" data-id=\"42c809c\" data-element_type=\"container\" data-e-type=\"container\">\n\t\t\t\t\t<div class=\"e-con-inner\">\n\t\t<div class=\"elementor-element elementor-element-28fe0cd e-flex e-con-boxed e-con e-child\" data-id=\"28fe0cd\" data-element_type=\"container\" data-e-type=\"container\">\n\t\t\t\t\t<div class=\"e-con-inner\">\n\t\t\t\t<div class=\"elementor-element elementor-element-c99e83a elementor-widget elementor-widget-theme-post-title elementor-page-title elementor-widget-heading\" data-id=\"c99e83a\" data-element_type=\"widget\" data-e-type=\"widget\" data-widget_type=\"theme-post-title.default\">\n\t\t\t\t<div class=\"elementor-widget-container\">\n\t\t\t\t\t<h1 class=\"elementor-heading-title elementor-size-default\">Dra. Cristina Bras\u00f3<\/h1>\t\t\t\t<\/div>\n\t\t\t\t<\/div>\n\t\t\t\t<div class=\"elementor-element elementor-element-5701527 elementor-widget elementor-widget-heading\" data-id=\"5701527\" data-element_type=\"widget\" data-e-type=\"widget\" data-widget_type=\"heading.default\">\n\t\t\t\t<div class=\"elementor-widget-container\">\n\t\t\t\t\t<h2 class=\"elementor-heading-title elementor-size-default\">PIONERA EN ESPA\u00d1A EN LIPOESCULTURA DE ALTA DEFINICI\u00d3N CON VASER LIPO\n<\/h2>\t\t\t\t<\/div>\n\t\t\t\t<\/div>\n\t\t\t\t<div class=\"elementor-element elementor-element-5bd4a1c elementor-widget-divider--view-line elementor-widget elementor-widget-divider\" data-id=\"5bd4a1c\" data-element_type=\"widget\" data-e-type=\"widget\" data-widget_type=\"divider.default\">\n\t\t\t\t<div class=\"elementor-widget-container\">\n\t\t\t\t\t\t\t<div class=\"elementor-divider\">\n\t\t\t<span class=\"elementor-divider-separator\">\n\t\t\t\t\t\t<\/span>\n\t\t<\/div>\n\t\t\t\t\t\t<\/div>\n\t\t\t\t<\/div>\n\t\t\t\t\t<\/div>\n\t\t\t\t<\/div>\n\t\t\t\t\t<\/div>\n\t\t\t\t<\/div>\n\t\t<div class=\"elementor-element elementor-element-17ac276 e-flex e-con-boxed e-con e-parent\" data-id=\"17ac276\" data-element_type=\"container\" data-e-type=\"container\">\n\t\t\t\t\t<div class=\"e-con-inner\">\n\t\t<div class=\"elementor-element elementor-element-a6e94c6 e-con-full e-flex e-con e-child\" data-id=\"a6e94c6\" data-element_type=\"container\" data-e-type=\"container\">\n\t\t\t\t<div class=\"elementor-element elementor-element-1eb58a6 elementor-widget elementor-widget-text-editor\" data-id=\"1eb58a6\" data-element_type=\"widget\" data-e-type=\"widget\" data-widget_type=\"text-editor.default\">\n\t\t\t\t<div class=\"elementor-widget-container\">\n\t\t\t\t\t\t\t\t\t<p>La Dra. Cristina Bras\u00f3 cuenta con m\u00e1s de 20 a\u00f1os de experiencia habiendo realizado m\u00e1s de 7.000 cirug\u00edas. Le apasionan los procedimientos de remodelaci\u00f3n corporal como la lipoescultura de alta definici\u00f3n con Vaser Lipo, la mastectom\u00eda transg\u00e9nero y mastopexia.\u00a0<\/p>\t\t\t\t\t\t\t\t<\/div>\n\t\t\t\t<\/div>\n\t\t\t\t<div class=\"elementor-element elementor-element-86be97a elementor-widget elementor-widget-text-editor\" data-id=\"86be97a\" data-element_type=\"widget\" data-e-type=\"widget\" data-widget_type=\"text-editor.default\">\n\t\t\t\t<div class=\"elementor-widget-container\">\n\t\t\t\t\t\t\t\t\t<p>Su enfoque combina la pr\u00e1ctica cl\u00ednica con la investigaci\u00f3n y la docencia, siendo actualmente cirujana adjunta en el Hospital General de Catalu\u00f1a y directora de la Cl\u00ednica Dra. Bras\u00f3.<\/p><p>Como fundadora y directora de la Cl\u00ednica, la dra. Bras\u00f3 lidera un equipo comprometido en ofrecer los mejores cuidados personalizados a sus pacientes, combinando la excelencia t\u00e9cnica con un trato humano y cercano.\u00a0<\/p><p>Con reconocimientos como Mejor Cirujana en Lipoescultura de Alta Definici\u00f3n Lipovaser y habiendo sido incluida en el Top 10 de los Cirujanos Pl\u00e1sticos Espa\u00f1oles, la dra. Bras\u00f3 es una de las figuras m\u00e1s destacadas en su campo.\u00a0<\/p><p>Su formaci\u00f3n incluye una especialidad v\u00eda MIR en Cirug\u00eda Pl\u00e1stica, Est\u00e9tica y Reparadora en la Ciudad Sanitaria y Universitaria de Bellvitge, as\u00ed como una Licenciatura en Medicina y Cirug\u00eda en la Universidad Aut\u00f3noma de Barcelona.<\/p><p>Su pasi\u00f3n por los procedimientos de remodelaci\u00f3n corporal y su enfoque hol\u00edstico hacen de ella una profesional respetada y valorada en el \u00e1mbito de la cirug\u00eda pl\u00e1stica, est\u00e9tica y reparadora.<\/p>\t\t\t\t\t\t\t\t<\/div>\n\t\t\t\t<\/div>\n\t\t\t\t<\/div>\n\t\t<div class=\"elementor-element elementor-element-38bd6c6 e-con-full e-flex e-con e-child\" data-id=\"38bd6c6\" data-element_type=\"container\" data-e-type=\"container\">\n\t\t\t\t<div class=\"elementor-element elementor-element-c207d22 elementor-widget elementor-widget-image\" data-id=\"c207d22\" data-element_type=\"widget\" data-e-type=\"widget\" data-widget_type=\"image.default\">\n\t\t\t\t<div class=\"elementor-widget-container\">\n\t\t\t\t\t\t\t\t\t\t\t\t\t\t\t<img fetchpriority=\"high\" decoding=\"async\" width=\"803\" height=\"610\" src=\"https:\/\/doctorabraso.com\/wp-content\/smush-webp\/2025\/04\/nueva-1-dra-braso4.png.webp\" class=\"attachment-full size-full wp-image-23448\" alt=\"nueva 1 dra braso4\" srcset=\"https:\/\/doctorabraso.com\/wp-content\/smush-webp\/2025\/04\/nueva-1-dra-braso4.png.webp 803w, https:\/\/doctorabraso.com\/wp-content\/smush-webp\/2025\/04\/nueva-1-dra-braso4-300x228.png.webp 300w, https:\/\/doctorabraso.com\/wp-content\/smush-webp\/2025\/04\/nueva-1-dra-braso4-768x583.png.webp 768w\" sizes=\"(max-width: 803px) 100vw, 803px\" \/>\t\t\t\t\t\t\t\t\t\t\t\t\t\t\t<\/div>\n\t\t\t\t<\/div>\n\t\t\t\t<\/div>\n\t\t\t\t\t<\/div>\n\t\t\t\t<\/div>\n\t\t\t\t<\/div>\n\t\t","protected":false},"excerpt":{"rendered":"<p>PIONERA EN ESPA\u00d1A EN LIPOESCULTURA DE ALTA DEFINICI\u00d3N CON VASER LIPO La Dra. Cristina Bras\u00f3 cuenta con m\u00e1s de 20 a\u00f1os de experiencia habiendo realizado m\u00e1s de 7.000 cirug\u00edas. Le apasionan los procedimientos de remodelaci\u00f3n corporal como la lipoescultura de alta definici\u00f3n con Vaser Lipo, la mastectom\u00eda transg\u00e9nero y mastopexia.\u00a0 Su enfoque combina la pr\u00e1ctica [&hellip;]<\/p>\n","protected":false},"author":6,"featured_media":0,"parent":21,"menu_order":0,"comment_status":"closed","ping_status":"closed","template":"","meta":{"_seopress_robots_primary_cat":"","_seopress_titles_title":"","_seopress_titles_desc":"","_seopress_robots_index":"","footnotes":""},"class_list":["post-8664","page","type-page","status-publish"],"_links":{"self":[{"href":"https:\/\/doctorabraso.com\/es\/wp-json\/wp\/v2\/pages\/8664","targetHints":{"allow":["GET"]}}],"collection":[{"href":"https:\/\/doctorabraso.com\/es\/wp-json\/wp\/v2\/pages"}],"about":[{"href":"https:\/\/doctorabraso.com\/es\/wp-json\/wp\/v2\/types\/page"}],"author":[{"embeddable":true,"href":"https:\/\/doctorabraso.com\/es\/wp-json\/wp\/v2\/users\/6"}],"replies":[{"embeddable":true,"href":"https:\/\/doctorabraso.com\/es\/wp-json\/wp\/v2\/comments?post=8664"}],"version-history":[{"count":0,"href":"https:\/\/doctorabraso.com\/es\/wp-json\/wp\/v2\/pages\/8664\/revisions"}],"up":[{"embeddable":true,"href":"https:\/\/doctorabraso.com\/es\/wp-json\/wp\/v2\/pages\/21"}],"wp:attachment":[{"href":"https:\/\/doctorabraso.com\/es\/wp-json\/wp\/v2\/media?parent=8664"}],"curies":[{"name":"wp","href":"https:\/\/api.w.org\/{rel}","templated":true}]}}