{"id":34903,"date":"2024-11-18T13:34:04","date_gmt":"2024-11-18T12:34:04","guid":{"rendered":"https:\/\/doctorabraso.com\/avviso-legale-termini-utilizzo\/"},"modified":"2026-03-26T12:16:36","modified_gmt":"2026-03-26T11:16:36","slug":"avviso-legale-termini-utilizzo","status":"publish","type":"page","link":"https:\/\/doctorabraso.com\/it\/avviso-legale-termini-utilizzo\/","title":{"rendered":"Avviso legale e termini di utilizzo"},"content":{"rendered":"\t\t<div data-elementor-type=\"wp-page\" data-elementor-id=\"34903\" class=\"elementor elementor-34903 elementor-17356\" data-elementor-post-type=\"page\">\n\t\t\t\t<div class=\"elementor-element elementor-element-cf856b2 e-flex e-con-boxed e-con e-parent\" data-id=\"cf856b2\" data-element_type=\"container\" data-e-type=\"container\">\n\t\t\t\t\t<div class=\"e-con-inner\">\n\t\t\t\t<div class=\"elementor-element elementor-element-ba08cc1 elementor-widget elementor-widget-theme-post-title elementor-page-title elementor-widget-heading\" data-id=\"ba08cc1\" data-element_type=\"widget\" data-e-type=\"widget\" data-widget_type=\"theme-post-title.default\">\n\t\t\t\t<div class=\"elementor-widget-container\">\n\t\t\t\t\t<h1 class=\"elementor-heading-title elementor-size-default\">Avviso legale e termini di utilizzo<\/h1>\t\t\t\t<\/div>\n\t\t\t\t<\/div>\n\t\t\t\t<div class=\"elementor-element elementor-element-cda2028 elementor-widget-divider--view-line elementor-widget elementor-widget-divider\" data-id=\"cda2028\" data-element_type=\"widget\" data-e-type=\"widget\" data-widget_type=\"divider.default\">\n\t\t\t\t<div class=\"elementor-widget-container\">\n\t\t\t\t\t\t\t<div class=\"elementor-divider\">\n\t\t\t<span class=\"elementor-divider-separator\">\n\t\t\t\t\t\t<\/span>\n\t\t<\/div>\n\t\t\t\t\t\t<\/div>\n\t\t\t\t<\/div>\n\t\t\t\t\t<\/div>\n\t\t\t\t<\/div>\n\t\t<div class=\"elementor-element elementor-element-fb9ec32 e-flex e-con-boxed e-con e-parent\" data-id=\"fb9ec32\" data-element_type=\"container\" data-e-type=\"container\">\n\t\t\t\t\t<div class=\"e-con-inner\">\n\t\t\t\t<div class=\"elementor-element elementor-element-c5e43db elementor-widget elementor-widget-text-editor\" data-id=\"c5e43db\" data-element_type=\"widget\" data-e-type=\"widget\" data-widget_type=\"text-editor.default\">\n\t\t\t\t<div class=\"elementor-widget-container\">\n\t\t\t\t\t\t\t\t\t<p><b>CL\u00cdNICA BRAS\u00d3<\/b> (nome commerciale), in qualit\u00e0 di ente responsabile del sito web, in ottemperanza alla Legge 34\/2002 sui servizi della Societ\u00e0 dell\u2019Informazione e del Commercio Elettronico (LSSICE), informa gli utenti dei dati identificativi del proprietario del sito web:<br> <\/p><ol><li aria-level=\"1\"><b>ENTIT\u00c0 RESPONSABILI<\/b><br><b>UNITAT CONSULTORA DRA BRASO SLU<\/b> (NIF: B56977531) <span style=\"font-weight: 400;\">Registro Mercantile:<\/span><span style=\"font-weight: 400;\"> Barcellona, tomo 49149, foglio 125, scheda B609461, Iscrizione 1<\/span><p><span style=\"font-weight: 400;\">C\/Elefant, 1, 08197 Sant Cugat del Vall\u00e8s (Barcellona) <\/span><\/p><p><a href=\"https:\/\/doctorabraso.com\/it\/\"><b>Sito web: www.doctorabraso.com <\/b><\/a><\/p><p><a href=\"mailto:info@doctorabraso.com\"><b>Email: info@doctorabraso.com <\/b><\/a><\/p><p><b><span style=\"font-weight: 400;\">Telefoni:+34 629910683 | +34 931 03 83 95 <\/span> <br><\/b><\/p><\/li><li aria-level=\"1\"><b><b><b><b>OGGETTO, FINALIT\u00c0 E CONDIZIONI GENERALI DI UTILIZZO<\/b><\/b><\/b><\/b><p><span style=\"font-weight: 400;\">Il presente documento ha l\u2019obiettivo di regolamentare l\u2019accesso e l\u2019uso del sito web, considerando le sue caratteristiche alla data indicata alla fine del presente avviso. La finalit\u00e0 \u00e8 far conoscere l\u2019attivit\u00e0 del responsabile, offrendo i propri servizi e la possibilit\u00e0 di usufruirne. <\/span><span style=\"font-weight: 400;\">La finalit\u00e0 \u00e8 far conoscere l\u2019attivit\u00e0 del responsabile, offrendo i propri servizi e la possibilit\u00e0 di <\/span><\/p><p><span style=\"font-weight: 400;\">usufruirne. <\/span><\/p><p><b>Il responsabile<\/b><span style=\"font-weight: 400;\"> <\/span><\/p><p><span style=\"font-weight: 400;\">Il responsabile \u00e8 il proprietario del sito web e, in questo caso, non coincide con l\u2019amministratore, il designer o lo sviluppatore dello stesso. <\/span><\/p><p><b>Il sito web <\/b><\/p><p><span style=\"font-weight: 400;\">\u00c8 l\u2019insieme delle pagine web ospitate sul medesimo dominio, con caratteristiche uniche, comprendenti elementi esterni (visivi e di interazione con l\u2019utente), contenuti, strumenti interni di vario tipo (come database o software di gestione), link e servizi o risorse offerte all\u2019utente (di seguito, \u201cServizi\u201d). <\/span><\/p><p><b>L\u2019utente <\/b><\/p><p><span style=\"font-weight: 400;\">Lo status di utente si acquisisce accedendo, navigando o utilizzando il sito web e, pertanto, dal momento in cui inizi a navigare, accetti tutte le condizioni stabilite nella presente clausola, nonch\u00e9 eventuali modifiche successive, fatto salvo l&#8217;applicazione delle normative di legge che potrebbero riguardarti. A tal efecto, se recomienda la lectura de estas condiciones, as\u00ed como del clausulado correspondiente a la privacidad, pol\u00edtica de cookies y cualquier otro t\u00e9rmino legal que pudiera a\u00f1adirse. <\/span><\/p><p><b>TERMINI TRA RESPONSABILE, SITO WEB E UTENTE <\/b><\/p><p><span style=\"font-weight: 400;\">Il responsabile si riserva il diritto di modificare, in qualsiasi momento e senza preavviso, le caratteristiche, funzionalit\u00e0, usi, contenuti e <\/span><\/p><p><span style=\"font-weight: 400;\">servizi del sito web. <\/span><\/p><p><span style=\"font-weight: 400;\">L\u2019utente accetta che il sito web e i suoi servizi possano essere sospesi, disattivati o annullati.<br> <\/span><\/p><p><span style=\"font-weight: 400;\">L&#8217;accesso a questo sito web \u00e8 gratuito. Qualora siano presenti servizi a pagamento, questi saranno specificamente identificati e descritti nelle apposite sezioni, e sar\u00e0 sempre necessario il tuo previo consenso per completare e confermare l&#8217;acquisto. In caso di dubbi, ti preghiamo di contattarci preventivamente per conoscere i termini e le condizioni di ciascun servizio.   El hecho de acceder y navegar por este sitio web no supone establecer una relaci\u00f3n comercial entre el responsable y el usuario. <\/span><\/p><p><b>RESPONSABILIT\u00c0 DELL\u2019UTENTE <\/b><\/p><p><span style=\"font-weight: 400;\">L\u2019utente \u00e8 responsabile dell\u2019uso corretto del sito web e dei servizi, contenuti, dati, design, link e risorse forniti dal responsabile, in conformit\u00e0 alla legge, all\u2019etica, ai diritti di terzi e al buon funzionamento del sito. <\/span><\/p><p><span style=\"font-weight: 400;\">L&#8217;utente \u00e8 responsabile dell&#8217;accuratezza e della legalit\u00e0 delle informazioni fornite per la registrazione o per la comunicazione con il titolare del trattamento, sia tramite moduli, e-mail, numeri di telefono o qualsiasi altro mezzo offerto. L&#8217;uso improprio di tali mezzi pu\u00f2 comportare la cancellazione del servizio o l&#8217;avvio di opportune azioni legali.  In ogni caso, l&#8217;utente \u00e8 tenuto a comunicare al responsabile qualsiasi fatto che possa implicare un uso improprio del sito, un accesso non autorizzato, la falsificazione di informazioni o qualsiasi altro fatto che possa costituire una violazione o un reato. <\/span><\/p><p><span style=\"font-weight: 400;\">Il responsabile non \u00e8 responsabile per l\u2019uso scorretto o per le informazioni fornite dagli utenti. <\/span><\/p><p><span style=\"font-weight: 400;\">El usuario declara ser mayor de edad y disponer de la capacidad jur\u00eddica suficiente para asumir los presentes t\u00e9rminos legales. L&#8217;utente dichiara di essere maggiorenne e di possedere la capacit\u00e0 giuridica sufficiente per accettare le presenti condizioni. <\/span><\/p><\/li><li aria-level=\"1\"><b><b><b>LIMITAZIONE DI GARANZIE E RESPONSABILIT\u00c0<\/b><\/b><\/b><p><span style=\"font-weight: 400;\">Il responsabile non fornisce garanzie e non \u00e8 responsabile per danni di qualsiasi natura derivanti da: <\/span><\/p><ul><li>Mancata disponibilit\u00e0, manutenzione o funzionamento del sito, dei servizi, risorse e contenuti.<\/li><li>Presenza di malware o software dannosi nei contenuti.<\/li><li>Uso illecito, negligente o fraudolento del sito.<\/li><li>Servizi di terzi disponibili sul sito non conformi a qualit\u00e0, licit\u00e0 o disponibilit\u00e0.<\/li><li>Danni derivanti dall\u2019uso illegale o improprio del sito.<\/li><li>Errori di software nel design o nella programmazione.<\/li><li>Velocit\u00e0 di navigazione o accesso al sito.<\/li><\/ul><p><span style=\"font-weight: 400;\">Il proprietario si riserva il diritto di modificare, senza preavviso, le informazioni contenute in questo sito web, nonch\u00e9 la sua configurazione e presentazione. <\/span><\/p><p><span style=\"font-weight: 400;\">Il proprietario del sito web si impegna a non ricorrere ad alcuna forma di pubblicit\u00e0 ingannevole. A tal fine, gli errori formali o numerici che dovessero essere presenti nei contenuti delle diverse sezioni del sito web, derivanti da una manutenzione e\/o un aggiornamento incompleti o difettosi delle informazioni contenute nelle diverse sezioni, non saranno considerati pubblicit\u00e0 ingannevole.  Il responsabile, in virt\u00f9 delle disposizioni del presente articolo, si impegna a correggerlo non appena venga a conoscenza degli errori riscontrati. <\/span><\/p><p><span style=\"font-weight: 400;\">Il responsabile pu\u00f2 modificare senza preavviso le informazioni, la configurazione e la presentazione del sito. Si impegna a non pubblicizzare in modo ingannevole, correggendo eventuali errori formali o numerici appena rilevati. Le comunicazioni commerciali devono essere chiaramente identificate, conformemente alla Legge 34\/2002. <\/span><\/p><p><span style=\"font-weight: 400;\">A tal fine, non saranno considerate comunicazioni commerciali le informazioni volte a mantenere il rapporto contrattuale esistente tra l&#8217;utente e il titolare del trattamento, nonch\u00e9 le attivit\u00e0 di informazione, formazione e quelle specifiche della sua attivit\u00e0 o del servizio per cui l&#8217;utente ha precedentemente manifestato interesse e acconsentito alla loro comunicazione. <\/span><\/p><\/li><li aria-level=\"1\"><b><b><b>LINK O IPERTESTI<\/b><\/b><\/b><p><span style=\"font-weight: 400;\">Questo sito web pu\u00f2 includere link (come collegamenti ipertestuali, banner o pulsanti) a siti web esterni di terzi, che possono contenere risorse esterne, informazioni supplementari, social media o motori di ricerca. Il loro scopo \u00e8 quello di facilitare la ricerca e l&#8217;accesso da parte degli utenti a informazioni o risorse disponibili su Internet relative all&#8217;argomento di questo sito web.  Non costituiscono in alcun modo un invito o un obbligo a visitare il luogo. <\/span><\/p><p><span style=\"font-weight: 400;\">Questi siti web di terzi non sono stati esaminati a fondo dal titolare del trattamento. In ogni caso, il titolare del trattamento non pu\u00f2 essere ritenuto responsabile del contenuto di questi siti web, n\u00e9 delle misure da essi adottate in materia di privacy o di trattamento dei dati personali.  L&#8217;amministratore raccomanda di leggere attentamente i termini di utilizzo e l&#8217;informativa sulla privacy di questi siti. <\/span><\/p><p><span style=\"font-weight: 400;\">Il responsabile declina ogni responsabilit\u00e0 per eventuali danni derivanti dall&#8217;accesso, dall&#8217;utilizzo o dalla legalit\u00e0 dei propri contenuti, comunicazioni, prodotti o servizi, che non sono in alcun caso gestiti dal responsabile stesso. <\/span><\/p><p><span style=\"font-weight: 400;\">Gli utenti che accedono a questo sito web del titolare del trattamento tramite un link di terzi devono essere informati delle seguenti condizioni:<\/span><\/p><ul><li>Gli utenti che accedono a questo sito web del titolare del trattamento tramite un link di terzi devono essere informati delle seguenti condizioni:<\/li><li>In nessun caso \u00e8 consentito l&#8217;utilizzo di qualsiasi elemento di questo sito web protetto da normative in materia di propriet\u00e0 intellettuale o industriale, salvo espressa autorizzazione del titolare dei diritti.<\/li><li>L\u2019accesso tramite link esterni non implica alcun rapporto contrattuale con il responsabile n\u00e9 approvazione dei contenuti.<\/li><\/ul><\/li><li aria-level=\"1\"><b><b><b>PROPRIET\u00c0 INTELLETTUALE E INDUSTRIALE<\/b><\/b><\/b><p><span style=\"font-weight: 400;\">I contenuti di questo sito web, cos\u00ec come i nomi commerciali, i marchi o i loghi inseriti (o qualsiasi altro elemento, inclusi, a titolo esemplificativo ma non esaustivo, immagini, suoni, audio, video, software, testi, combinazioni di colori, struttura, design, risorse utilizzate o software necessari per il suo funzionamento, accesso e utilizzo, ecc.) sono soggetti ai diritti di propriet\u00e0 intellettuale e industriale dei rispettivi titolari. L&#8217;accesso al sito web non implica, in nessuna circostanza, la rinuncia, il trasferimento, la cessione o la concessione di licenza, in tutto o in parte, dei suddetti diritti, n\u00e9 concede alcun diritto di utilizzare, modificare, sfruttare, riprodurre, distribuire o comunicare pubblicamente i contenuti o i beni soggetti a diritti di propriet\u00e0 intellettuale o industriale senza la previa ed espressa autorizzazione del titolare dei diritti. <\/span><\/p><p><span style=\"font-weight: 400;\">Tutti i diritti riservati. Ai sensi della legislazione nazionale e comunitaria in materia di propriet\u00e0 intellettuale e industriale, sono vietate la riproduzione, la distribuzione e la comunicazione al pubblico, nonch\u00e9 la messa a disposizione, in tutto o in parte, dei contenuti di questo sito web, a prescindere dallo scopo, dal mezzo o dal supporto tecnico, senza l&#8217;espressa autorizzazione del titolare del diritto. <\/span><\/p><p><span style=\"font-weight: 400;\">L&#8217;utente si impegna a rispettare i diritti di propriet\u00e0 intellettuale e industriale del titolare. Questa persona non pu\u00f2 rimuovere, alterare o manipolare alcun dispositivo di protezione o sistema di sicurezza. <\/span><\/p><p><span style=\"font-weight: 400;\">installato sul sito web. <\/span><\/p><p><span style=\"font-weight: 400;\">\u00c8 vietata la riproduzione, distribuzione o messa a disposizione dei contenuti senza autorizzazione. L\u2019utente deve rispettare i diritti di propriet\u00e0 intellettuale e non rimuovere dispositivi di protezione o sistemi di sicurezza. Eventuali violazioni devono essere segnalate immediatamente al responsabile. <\/span><\/p><\/li><li aria-level=\"1\"><b><b><b>AZIONI LEGALI, GIURISDIZIONE E LEGGE APPLICABILE<\/b><\/b><\/b><p><span style=\"font-weight: 400;\">Il responsabile pu\u00f2 intraprendere azioni civili o penali per violazioni dei termini o uso improprio del sito. <\/span><\/p><p><span style=\"font-weight: 400;\">Il rapporto tra l&#8217;utente e il titolare del trattamento sar\u00e0 regolato dalle normative vigenti e applicabili nel territorio spagnolo ed europeo. In caso di controversia relativa alla sua interpretazione o applicazione, l&#8217;utente rinuncia espressamente al proprio foro competente, sottoponendosi alla giurisdizione dei tribunali di Barcellona (Spagna). <\/span><\/p><\/li><li aria-level=\"1\"><b><b>INFORMAZIONI, CONSENSO E DIRITTI <br><\/b><\/b><p><span style=\"font-weight: 400;\">I dati personali raccolti su questo sito web, con l&#8217;espresso consenso dell&#8217;utente, saranno successivamente inseriti nelle banche dati del titolare del trattamento e trattati secondo il suo registro delle attivit\u00e0 di trattamento. Tali dati saranno trattati in conformit\u00e0 al Regolamento (UE) 2016\/679 del Parlamento europeo e del Consiglio del 27 aprile 2016 relativo alla protezione delle persone fisiche con riguardo al trattamento dei dati personali, nonch\u00e9 alla libera circolazione di tali dati, e alla Legge organica 3\/2018 del 5 dicembre sulla protezione dei dati personali e la garanzia dei diritti digitali. Le finalit\u00e0 per le quali tali dati saranno utilizzati, esplicitamente indicate in ogni sezione del sito web, possono includere: consentire la comunicazione con il titolare del trattamento, ad esempio formulando commenti, ponendo domande o richiedendo informazioni di interesse.   L&#8217;utente pu\u00f2 esercitare uno qualsiasi dei diritti di legge: accesso, rettifica, cancellazione e portabilit\u00e0 dei propri dati, limitazione o opposizione al trattamento o revoca del consenso prestato, inviando una lettera raccomandata con ricevuta di ritorno o qualsiasi altro mezzo che comprovi l&#8217;identit\u00e0 del mittente e che fornisca prova di ricezione al responsabile del trattamento, allegando copia di un documento di identit\u00e0 valido su entrambi i lati. <\/span><\/p><p><span style=\"font-weight: 400;\">Aggiornamento: ottobre 2024 <\/span><\/p><\/li><\/ol>\t\t\t\t\t\t\t\t<\/div>\n\t\t\t\t<\/div>\n\t\t\t\t\t<\/div>\n\t\t\t\t<\/div>\n\t\t\t\t<\/div>\n\t\t","protected":false},"excerpt":{"rendered":"<p>CL\u00cdNICA BRAS\u00d3 (nome commerciale), in qualit\u00e0 di ente responsabile del sito web, in ottemperanza alla Legge 34\/2002 sui servizi della Societ\u00e0 dell\u2019Informazione e del Commercio Elettronico (LSSICE), informa gli utenti dei dati identificativi del proprietario del sito web: ENTIT\u00c0 RESPONSABILIUNITAT CONSULTORA DRA BRASO SLU (NIF: B56977531) Registro Mercantile: Barcellona, tomo 49149, foglio 125, scheda B609461, [&hellip;]<\/p>\n","protected":false},"author":6,"featured_media":0,"parent":0,"menu_order":0,"comment_status":"closed","ping_status":"closed","template":"","meta":{"_seopress_robots_primary_cat":"","_seopress_titles_title":"","_seopress_titles_desc":"","_seopress_robots_index":"yes","footnotes":""},"class_list":["post-34903","page","type-page","status-publish"],"_links":{"self":[{"href":"https:\/\/doctorabraso.com\/it\/wp-json\/wp\/v2\/pages\/34903","targetHints":{"allow":["GET"]}}],"collection":[{"href":"https:\/\/doctorabraso.com\/it\/wp-json\/wp\/v2\/pages"}],"about":[{"href":"https:\/\/doctorabraso.com\/it\/wp-json\/wp\/v2\/types\/page"}],"author":[{"embeddable":true,"href":"https:\/\/doctorabraso.com\/it\/wp-json\/wp\/v2\/users\/6"}],"replies":[{"embeddable":true,"href":"https:\/\/doctorabraso.com\/it\/wp-json\/wp\/v2\/comments?post=34903"}],"version-history":[{"count":2,"href":"https:\/\/doctorabraso.com\/it\/wp-json\/wp\/v2\/pages\/34903\/revisions"}],"predecessor-version":[{"id":34906,"href":"https:\/\/doctorabraso.com\/it\/wp-json\/wp\/v2\/pages\/34903\/revisions\/34906"}],"wp:attachment":[{"href":"https:\/\/doctorabraso.com\/it\/wp-json\/wp\/v2\/media?parent=34903"}],"curies":[{"name":"wp","href":"https:\/\/api.w.org\/{rel}","templated":true}]}}