{"id":34908,"date":"2024-01-10T18:08:23","date_gmt":"2024-01-10T17:08:23","guid":{"rendered":"https:\/\/doctorabraso.com\/politica-riservatezza\/"},"modified":"2026-03-26T12:40:28","modified_gmt":"2026-03-26T11:40:28","slug":"politica-riservatezza","status":"publish","type":"page","link":"https:\/\/doctorabraso.com\/it\/politica-riservatezza\/","title":{"rendered":"Politica sulla riservatezza"},"content":{"rendered":"\t\t<div data-elementor-type=\"wp-page\" data-elementor-id=\"34908\" class=\"elementor elementor-34908 elementor-27\" data-elementor-post-type=\"page\">\n\t\t\t\t<div class=\"elementor-element elementor-element-e0c97ab e-flex e-con-boxed e-con e-parent\" data-id=\"e0c97ab\" data-element_type=\"container\" data-e-type=\"container\">\n\t\t\t\t\t<div class=\"e-con-inner\">\n\t\t\t\t<div class=\"elementor-element elementor-element-ebb94a0 elementor-widget elementor-widget-theme-post-title elementor-page-title elementor-widget-heading\" data-id=\"ebb94a0\" data-element_type=\"widget\" data-e-type=\"widget\" data-widget_type=\"theme-post-title.default\">\n\t\t\t\t<div class=\"elementor-widget-container\">\n\t\t\t\t\t<h1 class=\"elementor-heading-title elementor-size-default\">Politica sulla riservatezza<\/h1>\t\t\t\t<\/div>\n\t\t\t\t<\/div>\n\t\t\t\t<div class=\"elementor-element elementor-element-8f15659 elementor-widget-divider--view-line elementor-widget elementor-widget-divider\" data-id=\"8f15659\" data-element_type=\"widget\" data-e-type=\"widget\" data-widget_type=\"divider.default\">\n\t\t\t\t<div class=\"elementor-widget-container\">\n\t\t\t\t\t\t\t<div class=\"elementor-divider\">\n\t\t\t<span class=\"elementor-divider-separator\">\n\t\t\t\t\t\t<\/span>\n\t\t<\/div>\n\t\t\t\t\t\t<\/div>\n\t\t\t\t<\/div>\n\t\t\t\t\t<\/div>\n\t\t\t\t<\/div>\n\t\t<div class=\"elementor-element elementor-element-15846af e-flex e-con-boxed e-con e-parent\" data-id=\"15846af\" data-element_type=\"container\" data-e-type=\"container\">\n\t\t\t\t\t<div class=\"e-con-inner\">\n\t\t\t\t<div class=\"elementor-element elementor-element-7c6c9f9 elementor-widget elementor-widget-text-editor\" data-id=\"7c6c9f9\" data-element_type=\"widget\" data-e-type=\"widget\" data-widget_type=\"text-editor.default\">\n\t\t\t\t<div class=\"elementor-widget-container\">\n\t\t\t\t\t\t\t\t\t<p><b>CL\u00cdNICA BRAS\u00d3<\/b> (nome commerciale), in qualit\u00e0 di ente responsabile del sito web, in ottemperanza alla Legge 34\/2002 sui servizi della Societ\u00e0 dell\u2019Informazione e del Commercio Elettronico (LSSICE), informa gli utenti dei dati identificativi del proprietario del sito web:<br> <\/p><ol><li><b>SOGGETTI RESPONSABILI DEL SITO WEB E DEL TRATTAMENTO DEI DATI <\/b><\/li><\/ol><p><strong>UNITAT CONSULTORA DRA BRASO SLU <\/strong>(NIF: B56977531)<\/p><p><span style=\"font-weight: 400;\">Registro delle Imprese: <\/span>Barcellona, \u200b\u200bvolume 49149, foglio 125, pagina B609461, Iscrizione 1 <\/p><p><span style=\"font-weight: 400;\">C\/Elefant, 1, 08197 Sant Cugat del Vall\u00e8s (Barcellona) <\/span><\/p><p><b>Sito web: www.doctorabraso.com <\/b><\/p><p><b>Email: info@doctorabraso.com <\/b><\/p><h3>Telefoni:+34 629910683 | +34 931 03 83 95<\/h3><p><b>2. NORMATIVE APPLICABILI <\/b><\/p><p><span style=\"font-weight: 400;\">Questo sito web \u00e8 conforme alle normative vigenti in materia di protezione dei dati e servizi digitali. <\/span><\/p><p><span style=\"font-weight: 400;\">attuali, sia a livello comunitario che nazionale, nello specifico: <\/span><\/p><ul><li style=\"font-weight: 400;\" aria-level=\"1\"><span style=\"font-weight: 400;\">Regolamento (UE) 2016\/679 del Parlamento europeo e del Consiglio, del 27 aprile 2016, relativo alla tutela delle persone fisiche con riguardo al trattamento dei dati personali, nonch\u00e9 alla libera circolazione di tali dati (GDPR).  <\/span><\/li><li style=\"font-weight: 400;\" aria-level=\"1\"><span style=\"font-weight: 400;\">Legge organica 3\/2018, del 5 dicembre, sulla protezione dei dati personali e la garanzia dei diritti digitali (LOPDGDD). <\/span><\/li><li style=\"font-weight: 400;\" aria-level=\"1\"><span style=\"font-weight: 400;\">Legge 34\/2002, dell&#8217;11 luglio, sui servizi della societ\u00e0 dell&#8217;informazione e il commercio elettronico (LSSICE). <\/span><\/li><\/ul><p><span style=\"font-weight: 400;\">Al contempo, vengono adottate le necessarie misure di sicurezza tecniche, legali e organizzative in base al livello di rischio relativo alla riservatezza, all&#8217;integrit\u00e0 e alla disponibilit\u00e0 del sistema informativo. <\/span><\/p><p>La presente Informativa sulla privacy potrebbe subire modifiche a causa di requisiti legislativi o di autoregolamentazione, pertanto si consiglia agli utenti di consultarla periodicamente. Essa si applicher\u00e0 qualora ci forniate dati personali, sia compilando moduli sia attraverso qualsiasi altra azione in cui la fornitura di tali dati sia essenziale.<\/p><p><b>3. PRINCIPI CHE APPLICHER\u00c0 ALLE VOSTRE INFORMAZIONI PERSONALI <\/b><\/p><p><span style=\"font-weight: 400;\">Nel trattamento dei vostri dati personali, applicheremo i seguenti principi stabiliti dall&#8217;articolo 5 del GDPR e dagli articoli 4 e seguenti della LOPDGDD: <\/span><\/p><ul><li style=\"font-weight: 400;\" aria-level=\"1\"><b>Principio di licealit\u00e0, correttezza e trasparenza: <\/b>Richiediamo sempre il tuo consenso per il trattamento dei tuoi dati personali per una o pi\u00f9 finalit\u00e0 specifiche, che ti saranno comunicate preventivamente con assoluta trasparenza. <\/li><li style=\"font-weight: 400;\" aria-level=\"1\"><b>Principio di limitazione delle finalit\u00e0: <\/b>i dati personali saranno raccolti per finalit\u00e0 specifiche, esplicite e legittime. <\/li><li style=\"font-weight: 400;\" aria-level=\"1\"><b>Principio di minimizzazione dei dati<\/b>: richiederemo solo i dati strettamente necessari rispetto alle finalit\u00e0 per cui li richiediamo. Il minimo indispensabile. <\/li><li style=\"font-weight: 400;\" aria-level=\"1\"><b>Principio di accuratezza:<\/b> i dati personali devono essere accurati e sempre aggiornati. <\/li><li style=\"font-weight: 400;\" aria-level=\"1\"><b>Principio di limitazione del periodo di conservazione: <\/b>i dati saranno conservati per un periodo non superiore a quello necessario per le finalit\u00e0 del trattamento; a seconda della finalit\u00e0, vi informeremo del relativo periodo di conservazione. Nel caso di iscrizioni, rivedremo periodicamente i nostri elenchi ed elimineremo, per quanto possibile fisicamente o digitalmente, i dati inattivi da tempo considerevole. <\/li><li style=\"font-weight: 400;\" aria-level=\"1\"><b>Principio di integrit\u00e0 e riservatezza:<\/b> i vostri dati saranno trattati in modo da garantire un&#8217;adeguata sicurezza e la riservatezza. Vi informiamo che adottiamo tutte le precauzioni necessarie per prevenire l&#8217;accesso non autorizzato o l&#8217;uso improprio dei dati dei nostri utenti da parte di terzi. <\/li><\/ul><p><b>Principio di responsabilit\u00e0 proattiva: <\/b>il titolare del trattamento dei dati sar\u00e0 responsabile di garantire il rispetto dei principi sopra indicati.<\/p><p><b>4. ORIGINE DEI DATI PERSONALI RACCOLTI <\/b><\/p><p><span style=\"font-weight: 400;\">I dati possono essere utilizzati per scopi commerciali, tra cui la personalizzazione, l&#8217;analisi operativa e statistica e le attivit\u00e0 connesse allo scopo aziendale del titolare del trattamento, nonch\u00e9 per l&#8217;estrazione e la conservazione dei dati e per studi di marketing volti a personalizzare i contenuti offerti all&#8217;utente e a migliorare la qualit\u00e0, la funzionalit\u00e0 e la navigazione del sito web. Tuttavia, in <b data-aae8d101-6437-45ad-bc7e-881b6d18a036-81=\"true\"> <\/b>I moduli &#8220;Contatti&#8221; e &#8220;Richiedi un appuntamento&#8221; presenti sul sito web offrono la possibilit\u00e0 di ricevere informazioni commerciali (&#8220;Acconsento a ricevere informazioni commerciali, anche tramite mezzi elettronici&#8221;). <\/span><\/p><p><span style=\"font-weight: 400;\">La raccolta dei dati personali su questo sito web \u00e8 a discrezione dell&#8217;utente, il quale ne accetta espressamente l&#8217;inserimento tramite il consenso informato previsto in ciascun caso. <\/span><\/p><p><span style=\"font-weight: 400;\">In conformit\u00e0 al GDPR e alla LOPDGDD, fatta eccezione per quanto previsto dall&#8217;articolo 30.5 del GDPR o dall&#8217;autorit\u00e0 di controllo, viene tenuto un registro delle attivit\u00e0 di trattamento che ne specifica le finalit\u00e0, le attivit\u00e0 di trattamento e gli altri termini stabiliti dalla normativa.<\/span><\/p><p><b>5. CATEGORIA DI DATI PERSONALI <\/b><\/p><p><span style=\"font-weight: 400;\">Le categorie di dati personali trattati dal titolare del trattamento sono i dati identificativi, ovvero i dati minimi necessari per poter contattare l&#8217;utente quando richiesto. Non vengono trattate categorie di dati particolarmente protette.  <\/span><b><\/b><\/p><p><b>6. BASE GIURIDICA DEL TRATTAMENTO <\/b><\/p><p><span style=\"font-weight: 400;\">La base giuridica per il trattamento dei vostri dati \u00e8 il consenso. Per contattarci o lasciare commenti su questo sito web, \u00e8 necessario fornire il proprio consenso esplicito al trattamento dei dati personali, secondo i termini specificati per ciascuna opzione, prima di inviare la richiesta. \u00c8 possibile revocare il consenso precedentemente fornito, sebbene ci\u00f2 non sempre annulli il trattamento gi\u00e0 effettuato. La revoca del consenso non ha effetto retroattivo.    <\/span><\/p><p><b>7. FINALIT\u00c0 DEL TRATTAMENTO <\/b><\/p><p><span style=\"font-weight: 400;\">I dati personali vengono raccolti e gestiti dal titolare del trattamento al fine di agevolare, velocizzare e adempiere agli impegni stabiliti tra il titolare del trattamento e l&#8217;utente, o per mantenere il rapporto instaurato tramite i moduli compilati da quest&#8217;ultimo, o per rispondere a una richiesta o domanda. <\/span><\/p><p><span style=\"font-weight: 400;\">Allo stesso modo, i dati possono essere utilizzati per scopi commerciali quali la personalizzazione, analisi operative e statistiche, nonch\u00e9 per attivit\u00e0 connesse allo scopo aziendale del titolare del trattamento, nonch\u00e9 per l&#8217;estrazione, la memorizzazione e lo svolgimento di studi di marketing volti a personalizzare i contenuti offerti all&#8217;utente e a migliorare la qualit\u00e0, il funzionamento e la navigazione del sito web. <\/span><\/p><p><span style=\"font-weight: 400;\">Prima di acquisire i dati personali, l&#8217;utente viene informato sulla finalit\u00e0 o sulle finalit\u00e0 specifiche per le quali i dati personali saranno trattati; ovvero, sull&#8217;uso o sugli usi che saranno fatti delle informazioni raccolte.<\/span><\/p><p><b>8. DESTINATARI DEI DATI PERSONALI <\/b><\/p><p><span style=\"font-weight: 400;\">I tuoi dati personali saranno trattati esclusivamente da noi. Non condividiamo i tuoi dati con societ\u00e0 terze, ad eccezione dei servizi di supporto essenziali necessari per la gestione dei servizi da te acquistati, n\u00e9 per scopi diversi da quelli descritti nelle presenti condizioni legali.  <\/span><\/p><p><span style=\"font-weight: 400;\">Qualora il titolare del trattamento intenda trasferire dati personali verso paesi terzi, l&#8217;utente ne sar\u00e0 informato tramite le clausole di consenso relative a tale trattamento, nonch\u00e9 dell&#8217;eventuale esistenza di accordi internazionali o decisioni di adeguatezza della Commissione o del Comitato europeo per la protezione dei dati. <\/span><\/p><p><span style=\"font-weight: 400;\">D&#8217;altro canto, il titolare del trattamento, al fine di adempiere ai propri obblighi legali o a quelli connessi alla propria attivit\u00e0 aziendale, pu\u00f2 avvalersi di consulenti o professionisti che svolgano il trattamento dei dati personali. Tali servizi saranno regolati da contratti o accordi di riservatezza tra le parti, che definiranno chiaramente le finalit\u00e0, le comunicazioni a terzi, la base giuridica, i periodi di conservazione e l&#8217;esercizio dei diritti sia per il titolare del trattamento che per il responsabile del trattamento. Tali trasferimenti sono essenziali per lo sviluppo e la promozione dell&#8217;attivit\u00e0 aziendale stessa.   <\/span><\/p><p><span style=\"font-weight: 400;\">I vostri dati saranno condivisi con le autorit\u00e0 fiscali, in ottemperanza ai nostri obblighi fiscali, con le forze e i corpi di sicurezza dello Stato come previsto dalla legge (Decreto INT\/321\/2021 che modifica il Decreto INT\/1922\/2003 sui registri dei viaggiatori e i moduli di ingresso) e in tutti gli altri casi previsti dalla legge. Non sono previsti trasferimenti internazionali di dati. <\/span><\/p><p><b>9. DIRITTI RELATIVI AI DATI PERSONALI <\/b><\/p><p><span style=\"font-weight: 400;\">L&#8217;Utente ha i seguenti diritti in relazione ai dati personali forniti, come riconosciuti dal GDPR e dalla LOPDGDD: <\/span><\/p><ul><li style=\"font-weight: 400;\" aria-level=\"1\"><b>Diritto di accesso: <\/b>Si tratta del diritto dell&#8217;Utente di ottenere conferma circa l&#8217;esistenza o meno di un trattamento dei propri dati personali da parte del titolare del trattamento e, in caso affermativo, di ottenere informazioni sui dati personali specifici che lo riguardano e sul trattamento effettuato o in corso da parte del titolare, nonch\u00e9 informazioni disponibili sull&#8217;origine di tali dati e sui destinatari delle comunicazioni effettuate o previste in merito. <\/li><li style=\"font-weight: 400;\" aria-level=\"1\"><b>Diritto di rettifica:<\/b> Si tratta del diritto dell&#8217;Utente di ottenere la modifica dei propri dati personali qualora siano inesatti o, tenuto conto delle finalit\u00e0 del trattamento, incompleti. <\/li><li style=\"font-weight: 400;\" aria-level=\"1\"><b>Diritto di cancellazione<\/b><span style=\"font-weight: 400;\"> (\u201cdiritto all&#8217;oblio\u201d): Si tratta del diritto dell&#8217;utente, salvo diversa disposizione di legge applicabile, di ottenere la cancellazione dei propri dati personali quando questi non sono pi\u00f9 necessari per le finalit\u00e0 per cui sono stati raccolti o trattati; l&#8217;utente ha revocato il consenso al trattamento e non sussiste altro fondamento giuridico per esso; l&#8217;utente si oppone al trattamento e non sussiste altro motivo legittimo per continuarlo; i dati personali sono stati trattati illecitamente; i dati personali devono essere cancellati per adempiere a un obbligo legale; oppure i dati personali sono stati ottenuti a seguito di un&#8217;offerta diretta di servizi della societ\u00e0 dell&#8217;informazione a un minore di 14 anni. Oltre alla cancellazione dei dati, il titolare del trattamento, tenendo conto della tecnologia disponibile e dei costi di attuazione, deve adottare misure ragionevoli per informare i titolari del trattamento che trattano i dati personali della richiesta di cancellazione da parte dell&#8217;interessato di qualsiasi collegamento a tali dati personali.  <\/span><\/li><li style=\"font-weight: 400;\" aria-level=\"1\"><b>Diritto di limitazione del trattamento: <\/b>Si tratta del diritto dell&#8217;utente di limitare il trattamento dei propri dati personali. L&#8217;utente ha il diritto di ottenere la limitazione del trattamento quando contesta l&#8217;esattezza dei propri dati personali; il trattamento \u00e8 illecito; il titolare del trattamento non ha pi\u00f9 bisogno dei dati personali, ma l&#8217;utente ne ha bisogno per l&#8217;accertamento, l&#8217;esercizio o la difesa di un diritto in sede giudiziaria; e quando si \u00e8 opposto al trattamento. <\/li><li style=\"font-weight: 400;\" aria-level=\"1\"><b>Diritto alla portabilit\u00e0 dei dati:<\/b> se il trattamento \u00e8 effettuato con mezzi automatizzati, l&#8217;Utente ha il diritto di ricevere dal titolare del trattamento i dati personali che lo riguardano in un formato strutturato, di uso comune e leggibile da dispositivo automatico, e di trasmetterli a un altro titolare del trattamento. Ove tecnicamente fattibile, il titolare del trattamento trasmetter\u00e0 i dati direttamente a quest&#8217;ultimo. <\/li><li style=\"font-weight: 400;\" aria-level=\"1\"><b>Diritto di opposizione: <\/b>Si tratta del diritto dell&#8217;Utente di impedire il trattamento dei propri dati personali o di richiederne la cessazione da parte del titolare del trattamento. <\/li><li style=\"font-weight: 400;\" aria-level=\"1\"><b>Diritto a non essere sottoposto a una decisione basata unicamente sul trattamento automatizzato, compresa la profilazione: <\/b>Si tratta del diritto dell&#8217;utente di non essere sottoposto a una decisione individuale basata unicamente sul trattamento automatizzato dei propri dati personali, compresa la profilazione, salvo quanto diversamente previsto dalla normativa vigente. <\/li><\/ul><p><span style=\"font-weight: 400;\">L&#8217;utente pu\u00f2 esercitare i propri diritti inviando una comunicazione scritta al titolare del trattamento tramite i metodi di contatto descritti nella prima clausola, specificando: <\/span><\/p><ul><li style=\"font-weight: 400;\" aria-level=\"1\"><span style=\"font-weight: 400;\">Nome e cognome dell&#8217;utente e copia del documento d&#8217;identit\u00e0 nazionale (DNI). Nei casi in cui sia consentita la rappresentanza, anche il rappresentante deve essere identificato con le stesse modalit\u00e0 e deve essere fornito il documento che ne attesti l&#8217;autorit\u00e0 a rappresentare l&#8217;utente. La fotocopia del DNI pu\u00f2 essere sostituita da qualsiasi altro documento d&#8217;identit\u00e0 legalmente valido.   <\/span><\/li><li style=\"font-weight: 400;\" aria-level=\"1\"><span style=\"font-weight: 400;\">Richiesta con indicazione specifica dei motivi della richiesta o delle informazioni a cui si desidera accedere. <\/span><\/li><li style=\"font-weight: 400;\" aria-level=\"1\"><span style=\"font-weight: 400;\">Indirizzo per le notifiche. <\/span><\/li><li style=\"font-weight: 400;\" aria-level=\"1\"><span style=\"font-weight: 400;\">Data e firma del richiedente. <\/span><\/li><\/ul><p><span style=\"font-weight: 400;\">Qualsiasi documento che comprovi la richiesta presentata. <\/span><\/p><p><span style=\"font-weight: 400;\">La presente domanda e gli eventuali documenti allegati possono essere inviati al seguente indirizzo e\/o indirizzo e-mail del responsabile. <\/span><\/p><p><b>Collegamenti a siti web di terze parti <\/b><\/p><p><span style=\"font-weight: 400;\">Il sito web pu\u00f2 includere link a siti web di terzi non gestiti dal titolare del trattamento. I proprietari di questi siti web hanno le proprie politiche di protezione dei dati e sono responsabili dei propri archivi di dati, delle proprie pratiche in materia di privacy e dell&#8217;esercizio dei propri diritti.  <\/span><\/p><p><b>Reclami all&#8217;autorit\u00e0 di controllo <\/b><\/p><p><span style=\"font-weight: 400;\">Qualora un utente ritenga che vi sia un problema o una violazione delle normative vigenti in materia di trattamento dei propri dati personali, ha il diritto di ricorrere in giudizio e di presentare un reclamo a un&#8217;autorit\u00e0 di controllo, in particolare nello Stato membro in cui risiede abitualmente, lavora o in cui si \u00e8 verificata la presunta violazione. Nel caso della Spagna, l&#8217;autorit\u00e0 di controllo \u00e8 l&#8217;Agenzia spagnola per la protezione dei dati (http:\/\/www.agpd.es). <\/span><\/p><p><b>10. CONSERVAZIONE DEI DATI <\/b><\/p><p><span style=\"font-weight: 400;\">I dati personali forniti dall&#8217;utente saranno conservati per tutta la durata del rapporto instaurato con il titolare del trattamento e successivamente per i periodi di conservazione previsti dalla legge. <\/span><\/p><p><span style=\"font-weight: 400;\">Ai sensi dell&#8217;articolo 6.1.f) del GDPR 2016\/679, tali termini non si applicano in caso di accertamento, esercizio o difesa di diritti in sede giudiziaria. Possono inoltre essere prorogati qualora sia in corso un&#8217;indagine, un procedimento sanzionatorio o qualsiasi altra azione che richieda la prova di azioni compiute.  <\/span><\/p><p>In caso contrario, e conformemente all&#8217;articolo 28.3.g) del GDPR, una volta scaduti i termini previsti, i dati saranno cancellati dal sistema del titolare del trattamento e\/o restituiti all&#8217;utente, secondo gli accordi stabiliti in ciascun caso.<\/p><p><b>11. PRIVACY E SICUREZZA DEI DATI <\/b><\/p><p><span style=\"font-weight: 400;\">Il titolare del trattamento si impegna a utilizzare e trattare i dati, compresi i dati personali degli utenti, nel rispetto della loro riservatezza e a utilizzarli in conformit\u00e0 con le finalit\u00e0 per cui sono stati raccolti, nonch\u00e9 a rispettare l&#8217;obbligo di custodirli in modo sicuro e ad adottare le necessarie misure tecniche, legali e organizzative per prevenire l&#8217;alterazione, la perdita, il trattamento o l&#8217;accesso non autorizzati, in conformit\u00e0 con le disposizioni della normativa vigente in materia di protezione dei dati. <\/span><\/p><p><span style=\"font-weight: 400;\">Questo sito web include un certificato SSL (Secure Socket Layer). Si tratta di un protocollo di sicurezza che garantisce che i tuoi dati viaggino in modo sicuro e integro; ovvero, la trasmissione dei dati tra un server e un utente web, e viceversa, \u00e8 completamente crittografata.  <\/span><\/p><p><span style=\"font-weight: 400;\">Il titolare del trattamento non pu\u00f2 garantire la sicurezza assoluta della rete Internet e, pertanto, la prevenzione di violazioni dei dati dovute ad accessi non autorizzati da parte di terzi. In caso di incidente di sicurezza, il titolare del trattamento informer\u00e0 l&#8217;utente, senza indebito ritardo e con i mezzi a sua disposizione, delle informazioni rilevanti relative all&#8217;incidente, non appena queste vengano a conoscenza.  <\/span><\/p><p>Per quanto riguarda la riservatezza del trattamento, il titolare del trattamento garantir\u00e0 che le persone che hanno accesso ai dati siano autorizzate dall&#8217;azienda a trattarli (inclusi dipendenti, collaboratori e fornitori di servizi). Tutti loro avranno preventivamente sottoscritto un impegno di riservatezza in merito al trattamento dei dati.<\/p><p><b>12. REVOCABILIT\u00c0 <\/b><\/p><p>Il consenso prestato, sia per il trattamento che per il trasferimento dei dati degli interessati, \u00e8 revocabile in qualsiasi momento comunicandolo al titolare del trattamento secondo le modalit\u00e0 stabilite nella presente informativa sulla privacy, in conformit\u00e0 ai criteri previsti dal GDPR 2016\/679. Tale revoca non avr\u00e0 in alcun caso effetto retroattivo. <b><\/b><\/p><p><b>13. MODIFICHE ALLA POLITICA SULLA PRIVACY <\/b><\/p><p><span style=\"font-weight: 400;\">Il titolare del trattamento si riserva il diritto di modificare la presente informativa per adeguarla a nuove leggi, giurisprudenza e prassi di settore. In tali casi, il titolare del trattamento pubblicher\u00e0 le modifiche su questa pagina con un congruo anticipo rispetto alla loro entrata in vigore.  <\/span><b><\/b><\/p><p><b>14. POSTA COMMERCIALE <\/b><\/p><p>In conformit\u00e0 con la LSSICE (Legge spagnola sui servizi della societ\u00e0 dell&#8217;informazione e il commercio elettronico), il proprietario del sito web non si dedica a pratiche di spam e pertanto non invia email commerciali non richieste. Di conseguenza, in ciascuno dei moduli disponibili sul sito web, gli utenti hanno la possibilit\u00e0 di fornire il proprio consenso esplicito a ricevere tali email, indipendentemente dalle informazioni specifiche richieste. <\/p><p><span style=\"font-weight: 400;\">In conformit\u00e0 con le disposizioni della Legge 34\/2002 sui servizi della societ\u00e0 dell&#8217;informazione e il commercio elettronico, il responsabile si impegna a non inviare comunicazioni senza identificarle correttamente.<\/span><\/p><p><b>15. CLAUSOLA RELATIVA A INFORMAZIONI, CONSENSO ED ESERCIZIO DEI DIRITTI <\/b><\/p><p><span style=\"font-weight: 400;\">I dati personali raccolti su questo sito web, con l&#8217;espresso consenso dell&#8217;utente, saranno successivamente inseriti nelle banche dati del titolare del trattamento e trattati secondo il suo registro delle attivit\u00e0 di trattamento. Tali dati saranno trattati in conformit\u00e0 al Regolamento (UE) 2016\/679 del Parlamento europeo e del Consiglio del 27 aprile 2016 relativo alla protezione delle persone fisiche con riguardo al trattamento dei dati personali, nonch\u00e9 alla libera circolazione di tali dati, e alla Legge organica 3\/2018 del 5 dicembre sulla protezione dei dati personali e la garanzia dei diritti digitali. Le finalit\u00e0 per le quali tali dati saranno utilizzati, esplicitamente indicate in ogni sezione del sito web, possono includere: consentire la comunicazione con il titolare del trattamento, ad esempio formulando commenti, ponendo domande o richiedendo informazioni di interesse.   L&#8217;utente pu\u00f2 esercitare uno qualsiasi dei diritti di legge: accesso, rettifica, cancellazione e portabilit\u00e0 dei propri dati, limitazione o opposizione al trattamento o revoca del consenso prestato, inviando una lettera raccomandata con ricevuta di ritorno o qualsiasi altro mezzo che comprovi l&#8217;identit\u00e0 del mittente e che fornisca prova di ricezione al responsabile del trattamento, allegando copia di un documento di identit\u00e0 valido su entrambi i lati. <\/span><\/p><p><span style=\"font-weight: 400;\">Aggiornamento: ottobre 2024 <\/span><\/p>\t\t\t\t\t\t\t\t<\/div>\n\t\t\t\t<\/div>\n\t\t\t\t\t<\/div>\n\t\t\t\t<\/div>\n\t\t\t\t<\/div>\n\t\t","protected":false},"excerpt":{"rendered":"<p>CL\u00cdNICA BRAS\u00d3 (nome commerciale), in qualit\u00e0 di ente responsabile del sito web, in ottemperanza alla Legge 34\/2002 sui servizi della Societ\u00e0 dell\u2019Informazione e del Commercio Elettronico (LSSICE), informa gli utenti dei dati identificativi del proprietario del sito web: SOGGETTI RESPONSABILI DEL SITO WEB E DEL TRATTAMENTO DEI DATI UNITAT CONSULTORA DRA BRASO SLU (NIF: B56977531) [&hellip;]<\/p>\n","protected":false},"author":6,"featured_media":0,"parent":0,"menu_order":0,"comment_status":"closed","ping_status":"closed","template":"","meta":{"_seopress_robots_primary_cat":"","_seopress_titles_title":"","_seopress_titles_desc":"","_seopress_robots_index":"yes","footnotes":""},"class_list":["post-34908","page","type-page","status-publish"],"_links":{"self":[{"href":"https:\/\/doctorabraso.com\/it\/wp-json\/wp\/v2\/pages\/34908","targetHints":{"allow":["GET"]}}],"collection":[{"href":"https:\/\/doctorabraso.com\/it\/wp-json\/wp\/v2\/pages"}],"about":[{"href":"https:\/\/doctorabraso.com\/it\/wp-json\/wp\/v2\/types\/page"}],"author":[{"embeddable":true,"href":"https:\/\/doctorabraso.com\/it\/wp-json\/wp\/v2\/users\/6"}],"replies":[{"embeddable":true,"href":"https:\/\/doctorabraso.com\/it\/wp-json\/wp\/v2\/comments?post=34908"}],"version-history":[{"count":1,"href":"https:\/\/doctorabraso.com\/it\/wp-json\/wp\/v2\/pages\/34908\/revisions"}],"predecessor-version":[{"id":34909,"href":"https:\/\/doctorabraso.com\/it\/wp-json\/wp\/v2\/pages\/34908\/revisions\/34909"}],"wp:attachment":[{"href":"https:\/\/doctorabraso.com\/it\/wp-json\/wp\/v2\/media?parent=34908"}],"curies":[{"name":"wp","href":"https:\/\/api.w.org\/{rel}","templated":true}]}}