{"id":35057,"date":"2024-05-01T11:14:14","date_gmt":"2024-05-01T09:14:14","guid":{"rendered":"https:\/\/doctorabraso.com\/team\/dra-cristina-braso\/"},"modified":"2026-03-31T10:41:38","modified_gmt":"2026-03-31T08:41:38","slug":"dott-ssa-cristina-braso","status":"publish","type":"page","link":"https:\/\/doctorabraso.com\/it\/team\/dott-ssa-cristina-braso\/","title":{"rendered":"Dott.ssa Cristina Bras\u00f3"},"content":{"rendered":"\t\t<div data-elementor-type=\"wp-page\" data-elementor-id=\"35057\" class=\"elementor elementor-35057 elementor-8664\" data-elementor-post-type=\"page\">\n\t\t\t\t<div class=\"elementor-element elementor-element-42c809c e-flex e-con-boxed e-con e-parent\" data-id=\"42c809c\" data-element_type=\"container\" data-e-type=\"container\">\n\t\t\t\t\t<div class=\"e-con-inner\">\n\t\t<div class=\"elementor-element elementor-element-28fe0cd e-flex e-con-boxed e-con e-child\" data-id=\"28fe0cd\" data-element_type=\"container\" data-e-type=\"container\">\n\t\t\t\t\t<div class=\"e-con-inner\">\n\t\t\t\t<div class=\"elementor-element elementor-element-c99e83a elementor-widget elementor-widget-theme-post-title elementor-page-title elementor-widget-heading\" data-id=\"c99e83a\" data-element_type=\"widget\" data-e-type=\"widget\" data-widget_type=\"theme-post-title.default\">\n\t\t\t\t<div class=\"elementor-widget-container\">\n\t\t\t\t\t<h1 class=\"elementor-heading-title elementor-size-default\">Dott.ssa Cristina Bras\u00f3<\/h1>\t\t\t\t<\/div>\n\t\t\t\t<\/div>\n\t\t\t\t<div class=\"elementor-element elementor-element-5701527 elementor-widget elementor-widget-heading\" data-id=\"5701527\" data-element_type=\"widget\" data-e-type=\"widget\" data-widget_type=\"heading.default\">\n\t\t\t\t<div class=\"elementor-widget-container\">\n\t\t\t\t\t<h2 class=\"elementor-heading-title elementor-size-default\">PIONIERA IN SPAGNA NELLA LIPOSCULTURA AD ALTA DEFINIZIONE CON VASER LIPO\n<\/h2>\t\t\t\t<\/div>\n\t\t\t\t<\/div>\n\t\t\t\t<div class=\"elementor-element elementor-element-5bd4a1c elementor-widget-divider--view-line elementor-widget elementor-widget-divider\" data-id=\"5bd4a1c\" data-element_type=\"widget\" data-e-type=\"widget\" data-widget_type=\"divider.default\">\n\t\t\t\t<div class=\"elementor-widget-container\">\n\t\t\t\t\t\t\t<div class=\"elementor-divider\">\n\t\t\t<span class=\"elementor-divider-separator\">\n\t\t\t\t\t\t<\/span>\n\t\t<\/div>\n\t\t\t\t\t\t<\/div>\n\t\t\t\t<\/div>\n\t\t\t\t\t<\/div>\n\t\t\t\t<\/div>\n\t\t\t\t\t<\/div>\n\t\t\t\t<\/div>\n\t\t<div class=\"elementor-element elementor-element-17ac276 e-flex e-con-boxed e-con e-parent\" data-id=\"17ac276\" data-element_type=\"container\" data-e-type=\"container\">\n\t\t\t\t\t<div class=\"e-con-inner\">\n\t\t<div class=\"elementor-element elementor-element-a6e94c6 e-con-full e-flex e-con e-child\" data-id=\"a6e94c6\" data-element_type=\"container\" data-e-type=\"container\">\n\t\t\t\t<div class=\"elementor-element elementor-element-1eb58a6 elementor-widget elementor-widget-text-editor\" data-id=\"1eb58a6\" data-element_type=\"widget\" data-e-type=\"widget\" data-widget_type=\"text-editor.default\">\n\t\t\t\t<div class=\"elementor-widget-container\">\n\t\t\t\t\t\t\t\t\t<p>La dottoressa Cristina Bras\u00f3 vanta oltre 20 anni di esperienza e ha eseguito pi\u00f9 di 7.000 interventi chirurgici. \u00c8 appassionata di procedure di rimodellamento del corpo, come la liposuzione ad alta definizione con Vaser Lipo, la mastectomia per persone transgender e la mastopessi.   <\/p>\t\t\t\t\t\t\t\t<\/div>\n\t\t\t\t<\/div>\n\t\t\t\t<div class=\"elementor-element elementor-element-86be97a elementor-widget elementor-widget-text-editor\" data-id=\"86be97a\" data-element_type=\"widget\" data-e-type=\"widget\" data-widget_type=\"text-editor.default\">\n\t\t\t\t<div class=\"elementor-widget-container\">\n\t\t\t\t\t\t\t\t\t<p>Il suo approccio coniuga la pratica clinica con la ricerca e l&#8217;insegnamento; attualmente \u00e8 chirurgo associato presso l&#8217;Ospedale Generale della Catalogna e direttrice della Clinica Dra. Bras\u00f3. <\/p><p>In qualit\u00e0 di fondatrice e direttrice della Clinica, la dott.ssa Bras\u00f3 \u00e8 a capo di un team impegnato a offrire ai propri pazienti le migliori cure personalizzate, coniugando l&#8217;eccellenza tecnica con un approccio umano e cordiale.  <\/p><p>Grazie a riconoscimenti quali quello di Migliore chirurgo nella liposculptura ad alta definizione Lipovaser e alla sua inclusione nella Top 10 dei chirurghi plastici spagnoli, la dott.ssa Bras\u00f3 \u00e8 una delle figure di spicco nel suo settore.  <\/p><p>Ha conseguito una specializzazione in Chirurgia plastica, estetica e ricostruttiva presso il Centro sanitario e universitario di Bellvitge nell&#8217;ambito del programma MIR, oltre a una laurea in Medicina e Chirurgia presso l&#8217;Universit\u00e0 Autonoma di Barcellona.<\/p><p>La sua passione per gli interventi di rimodellamento del corpo e il suo approccio olistico la rendono una professionista rispettata e apprezzata nel campo della chirurgia plastica, estetica e ricostruttiva.<\/p>\t\t\t\t\t\t\t\t<\/div>\n\t\t\t\t<\/div>\n\t\t\t\t<\/div>\n\t\t<div class=\"elementor-element elementor-element-38bd6c6 e-con-full e-flex e-con e-child\" data-id=\"38bd6c6\" data-element_type=\"container\" data-e-type=\"container\">\n\t\t\t\t<div class=\"elementor-element elementor-element-c207d22 elementor-widget elementor-widget-image\" data-id=\"c207d22\" data-element_type=\"widget\" data-e-type=\"widget\" data-widget_type=\"image.default\">\n\t\t\t\t<div class=\"elementor-widget-container\">\n\t\t\t\t\t\t\t\t\t\t\t\t\t\t\t<img fetchpriority=\"high\" decoding=\"async\" width=\"803\" height=\"610\" src=\"https:\/\/doctorabraso.com\/wp-content\/smush-webp\/2025\/04\/nueva-1-dra-braso4.png.webp\" class=\"attachment-full size-full wp-image-35058\" alt=\"nueva 1 dra braso4\" srcset=\"https:\/\/doctorabraso.com\/wp-content\/smush-webp\/2025\/04\/nueva-1-dra-braso4.png.webp 803w, https:\/\/doctorabraso.com\/wp-content\/smush-webp\/2025\/04\/nueva-1-dra-braso4-300x228.png.webp 300w, https:\/\/doctorabraso.com\/wp-content\/smush-webp\/2025\/04\/nueva-1-dra-braso4-768x583.png.webp 768w\" sizes=\"(max-width: 803px) 100vw, 803px\" \/>\t\t\t\t\t\t\t\t\t\t\t\t\t\t\t<\/div>\n\t\t\t\t<\/div>\n\t\t\t\t<\/div>\n\t\t\t\t\t<\/div>\n\t\t\t\t<\/div>\n\t\t\t\t<\/div>\n\t\t","protected":false},"excerpt":{"rendered":"<p>PIONIERA IN SPAGNA NELLA LIPOSCULTURA AD ALTA DEFINIZIONE CON VASER LIPO La dottoressa Cristina Bras\u00f3 vanta oltre 20 anni di esperienza e ha eseguito pi\u00f9 di 7.000 interventi chirurgici. \u00c8 appassionata di procedure di rimodellamento del corpo, come la liposuzione ad alta definizione con Vaser Lipo, la mastectomia per persone transgender e la mastopessi. Il [&hellip;]<\/p>\n","protected":false},"author":6,"featured_media":0,"parent":34079,"menu_order":0,"comment_status":"closed","ping_status":"closed","template":"","meta":{"_seopress_robots_primary_cat":"","_seopress_titles_title":"","_seopress_titles_desc":"","_seopress_robots_index":"","footnotes":""},"class_list":["post-35057","page","type-page","status-publish"],"_links":{"self":[{"href":"https:\/\/doctorabraso.com\/it\/wp-json\/wp\/v2\/pages\/35057","targetHints":{"allow":["GET"]}}],"collection":[{"href":"https:\/\/doctorabraso.com\/it\/wp-json\/wp\/v2\/pages"}],"about":[{"href":"https:\/\/doctorabraso.com\/it\/wp-json\/wp\/v2\/types\/page"}],"author":[{"embeddable":true,"href":"https:\/\/doctorabraso.com\/it\/wp-json\/wp\/v2\/users\/6"}],"replies":[{"embeddable":true,"href":"https:\/\/doctorabraso.com\/it\/wp-json\/wp\/v2\/comments?post=35057"}],"version-history":[{"count":5,"href":"https:\/\/doctorabraso.com\/it\/wp-json\/wp\/v2\/pages\/35057\/revisions"}],"predecessor-version":[{"id":35096,"href":"https:\/\/doctorabraso.com\/it\/wp-json\/wp\/v2\/pages\/35057\/revisions\/35096"}],"up":[{"embeddable":true,"href":"https:\/\/doctorabraso.com\/it\/wp-json\/wp\/v2\/pages\/34079"}],"wp:attachment":[{"href":"https:\/\/doctorabraso.com\/it\/wp-json\/wp\/v2\/media?parent=35057"}],"curies":[{"name":"wp","href":"https:\/\/api.w.org\/{rel}","templated":true}]}}