{"id":35062,"date":"2024-05-01T11:15:35","date_gmt":"2024-05-01T09:15:35","guid":{"rendered":"https:\/\/doctorabraso.com\/team\/dr-juan-bernardo-schuitemaker\/"},"modified":"2026-03-31T10:42:11","modified_gmt":"2026-03-31T08:42:11","slug":"dott-juan-bernardo-schuitemaker","status":"publish","type":"page","link":"https:\/\/doctorabraso.com\/it\/team\/dott-juan-bernardo-schuitemaker\/","title":{"rendered":"Dott. Juan Bernardo Schuitemaker"},"content":{"rendered":"\t\t<div data-elementor-type=\"wp-page\" data-elementor-id=\"35062\" class=\"elementor elementor-35062 elementor-8671\" data-elementor-post-type=\"page\">\n\t\t\t\t<div class=\"elementor-element elementor-element-2f5b454 e-flex e-con-boxed e-con e-parent\" data-id=\"2f5b454\" data-element_type=\"container\" data-e-type=\"container\">\n\t\t\t\t\t<div class=\"e-con-inner\">\n\t\t<div class=\"elementor-element elementor-element-7dd05ed e-flex e-con-boxed e-con e-child\" data-id=\"7dd05ed\" data-element_type=\"container\" data-e-type=\"container\">\n\t\t\t\t\t<div class=\"e-con-inner\">\n\t\t\t\t<div class=\"elementor-element elementor-element-ad9d0a2 elementor-widget elementor-widget-theme-post-title elementor-page-title elementor-widget-heading\" data-id=\"ad9d0a2\" data-element_type=\"widget\" data-e-type=\"widget\" data-widget_type=\"theme-post-title.default\">\n\t\t\t\t<div class=\"elementor-widget-container\">\n\t\t\t\t\t<h1 class=\"elementor-heading-title elementor-size-default\">Dott. Juan Bernardo Schuitemaker<\/h1>\t\t\t\t<\/div>\n\t\t\t\t<\/div>\n\t\t\t\t<div class=\"elementor-element elementor-element-99c8b47 elementor-widget elementor-widget-heading\" data-id=\"99c8b47\" data-element_type=\"widget\" data-e-type=\"widget\" data-widget_type=\"heading.default\">\n\t\t\t\t<div class=\"elementor-widget-container\">\n\t\t\t\t\t<h2 class=\"elementor-heading-title elementor-size-default\">Medico anestesista\n<\/h2>\t\t\t\t<\/div>\n\t\t\t\t<\/div>\n\t\t\t\t<div class=\"elementor-element elementor-element-1d948ce elementor-widget-divider--view-line elementor-widget elementor-widget-divider\" data-id=\"1d948ce\" data-element_type=\"widget\" data-e-type=\"widget\" data-widget_type=\"divider.default\">\n\t\t\t\t<div class=\"elementor-widget-container\">\n\t\t\t\t\t\t\t<div class=\"elementor-divider\">\n\t\t\t<span class=\"elementor-divider-separator\">\n\t\t\t\t\t\t<\/span>\n\t\t<\/div>\n\t\t\t\t\t\t<\/div>\n\t\t\t\t<\/div>\n\t\t\t\t\t<\/div>\n\t\t\t\t<\/div>\n\t\t\t\t\t<\/div>\n\t\t\t\t<\/div>\n\t\t<div class=\"elementor-element elementor-element-a09494b e-flex e-con-boxed e-con e-parent\" data-id=\"a09494b\" data-element_type=\"container\" data-e-type=\"container\">\n\t\t\t\t\t<div class=\"e-con-inner\">\n\t\t<div class=\"elementor-element elementor-element-303166c e-con-full e-flex e-con e-child\" data-id=\"303166c\" data-element_type=\"container\" data-e-type=\"container\">\n\t\t\t\t<div class=\"elementor-element elementor-element-d637169 elementor-widget elementor-widget-text-editor\" data-id=\"d637169\" data-element_type=\"widget\" data-e-type=\"widget\" data-widget_type=\"text-editor.default\">\n\t\t\t\t<div class=\"elementor-widget-container\">\n\t\t\t\t\t\t\t\t\t<p>Il dottor Schuitemaker utilizza una tecnica anestetica rivoluzionaria che rende il post-operatorio molto pi\u00f9 agevole e il recupero pi\u00f9 rapido ed efficace.<\/p>\t\t\t\t\t\t\t\t<\/div>\n\t\t\t\t<\/div>\n\t\t\t\t<div class=\"elementor-element elementor-element-10c3125 elementor-widget elementor-widget-text-editor\" data-id=\"10c3125\" data-element_type=\"widget\" data-e-type=\"widget\" data-widget_type=\"text-editor.default\">\n\t\t\t\t<div class=\"elementor-widget-container\">\n\t\t\t\t\t\t\t\t\t<p>Grazie a questa tecnica, eseguiamo interventi chirurgici di altissima qualit\u00e0 con il minor dolore possibile, ponendo sempre al primo posto la sicurezza dei pazienti.<\/p><div class=\"elementor-element elementor-element-0cfaa03 elementor-widget elementor-widget-text-editor\" data-id=\"0cfaa03\" data-element_type=\"widget\" data-widget_type=\"text-editor.default\"><div class=\"elementor-widget-container\"><div class=\"wpb_text_column wpb_content_element \"><div class=\"wpb_wrapper\"><p><strong>&#8220;In anestesiologia, i range di dosaggio sono stabiliti, ma sono molto ampi e li adattiamo a ciascun caso. Credo che ogni persona sia diversa; non credo nelle soluzioni uguali per tutti.&#8221;<\/strong><\/p><\/div><\/div><div class=\"vc_empty_space\"> <\/div><div class=\"wpb_text_column wpb_content_element \"><div class=\"wpb_wrapper\"><p><strong>Dott. Juan Bernardo Schuitemaker<\/strong><br><em>Anestesista<\/em><\/p><\/div><\/div><\/div><\/div>\t\t\t\t\t\t\t\t<\/div>\n\t\t\t\t<\/div>\n\t\t\t\t<\/div>\n\t\t<div class=\"elementor-element elementor-element-edd9fe5 e-con-full e-flex e-con e-child\" data-id=\"edd9fe5\" data-element_type=\"container\" data-e-type=\"container\">\n\t\t\t\t<div class=\"elementor-element elementor-element-f4e0004 elementor-widget elementor-widget-image\" data-id=\"f4e0004\" data-element_type=\"widget\" data-e-type=\"widget\" data-widget_type=\"image.default\">\n\t\t\t\t<div class=\"elementor-widget-container\">\n\t\t\t\t\t\t\t\t\t\t\t\t\t\t\t<img fetchpriority=\"high\" decoding=\"async\" width=\"1000\" height=\"714\" src=\"https:\/\/doctorabraso.com\/wp-content\/uploads\/2024\/05\/Dr-Juan-Bernardo-Schuitemaker.webp\" class=\"attachment-full size-full wp-image-33898\" alt=\"Dott. Juan Bernardo Schuitemaker\" srcset=\"https:\/\/doctorabraso.com\/wp-content\/uploads\/2024\/05\/Dr-Juan-Bernardo-Schuitemaker.webp 1000w, https:\/\/doctorabraso.com\/wp-content\/uploads\/2024\/05\/Dr-Juan-Bernardo-Schuitemaker-300x214.webp 300w, https:\/\/doctorabraso.com\/wp-content\/uploads\/2024\/05\/Dr-Juan-Bernardo-Schuitemaker-768x548.webp 768w\" sizes=\"(max-width: 1000px) 100vw, 1000px\" \/>\t\t\t\t\t\t\t\t\t\t\t\t\t\t\t<\/div>\n\t\t\t\t<\/div>\n\t\t\t\t<\/div>\n\t\t\t\t\t<\/div>\n\t\t\t\t<\/div>\n\t\t\t\t<\/div>\n\t\t","protected":false},"excerpt":{"rendered":"<p>Medico anestesista Il dottor Schuitemaker utilizza una tecnica anestetica rivoluzionaria che rende il post-operatorio molto pi\u00f9 agevole e il recupero pi\u00f9 rapido ed efficace. Grazie a questa tecnica, eseguiamo interventi chirurgici di altissima qualit\u00e0 con il minor dolore possibile, ponendo sempre al primo posto la sicurezza dei pazienti. &#8220;In anestesiologia, i range di dosaggio sono [&hellip;]<\/p>\n","protected":false},"author":6,"featured_media":0,"parent":34079,"menu_order":0,"comment_status":"closed","ping_status":"closed","template":"","meta":{"_seopress_robots_primary_cat":"","_seopress_titles_title":"","_seopress_titles_desc":"","_seopress_robots_index":"","footnotes":""},"class_list":["post-35062","page","type-page","status-publish"],"_links":{"self":[{"href":"https:\/\/doctorabraso.com\/it\/wp-json\/wp\/v2\/pages\/35062","targetHints":{"allow":["GET"]}}],"collection":[{"href":"https:\/\/doctorabraso.com\/it\/wp-json\/wp\/v2\/pages"}],"about":[{"href":"https:\/\/doctorabraso.com\/it\/wp-json\/wp\/v2\/types\/page"}],"author":[{"embeddable":true,"href":"https:\/\/doctorabraso.com\/it\/wp-json\/wp\/v2\/users\/6"}],"replies":[{"embeddable":true,"href":"https:\/\/doctorabraso.com\/it\/wp-json\/wp\/v2\/comments?post=35062"}],"version-history":[{"count":5,"href":"https:\/\/doctorabraso.com\/it\/wp-json\/wp\/v2\/pages\/35062\/revisions"}],"predecessor-version":[{"id":35100,"href":"https:\/\/doctorabraso.com\/it\/wp-json\/wp\/v2\/pages\/35062\/revisions\/35100"}],"up":[{"embeddable":true,"href":"https:\/\/doctorabraso.com\/it\/wp-json\/wp\/v2\/pages\/34079"}],"wp:attachment":[{"href":"https:\/\/doctorabraso.com\/it\/wp-json\/wp\/v2\/media?parent=35062"}],"curies":[{"name":"wp","href":"https:\/\/api.w.org\/{rel}","templated":true}]}}