{"id":35074,"date":"2024-05-12T10:31:19","date_gmt":"2024-05-12T08:31:19","guid":{"rendered":"https:\/\/doctorabraso.com\/team\/dr-sorin-mocanu\/"},"modified":"2026-03-31T10:42:23","modified_gmt":"2026-03-31T08:42:23","slug":"dr-sorin-mocanu","status":"publish","type":"page","link":"https:\/\/doctorabraso.com\/it\/team\/dr-sorin-mocanu\/","title":{"rendered":"Dott. Sorin Mocanu"},"content":{"rendered":"\t\t<div data-elementor-type=\"wp-page\" data-elementor-id=\"35074\" class=\"elementor elementor-35074 elementor-8887\" data-elementor-post-type=\"page\">\n\t\t\t\t<div class=\"elementor-element elementor-element-04d3a08 e-flex e-con-boxed e-con e-parent\" data-id=\"04d3a08\" data-element_type=\"container\" data-e-type=\"container\">\n\t\t\t\t\t<div class=\"e-con-inner\">\n\t\t<div class=\"elementor-element elementor-element-fb18dbd e-flex e-con-boxed e-con e-child\" data-id=\"fb18dbd\" data-element_type=\"container\" data-e-type=\"container\">\n\t\t\t\t\t<div class=\"e-con-inner\">\n\t\t\t\t<div class=\"elementor-element elementor-element-bd7fccf elementor-widget elementor-widget-theme-post-title elementor-page-title elementor-widget-heading\" data-id=\"bd7fccf\" data-element_type=\"widget\" data-e-type=\"widget\" data-widget_type=\"theme-post-title.default\">\n\t\t\t\t<div class=\"elementor-widget-container\">\n\t\t\t\t\t<h1 class=\"elementor-heading-title elementor-size-default\">Dott. Sorin Mocanu<\/h1>\t\t\t\t<\/div>\n\t\t\t\t<\/div>\n\t\t\t\t<div class=\"elementor-element elementor-element-dab056e elementor-widget elementor-widget-heading\" data-id=\"dab056e\" data-element_type=\"widget\" data-e-type=\"widget\" data-widget_type=\"heading.default\">\n\t\t\t\t<div class=\"elementor-widget-container\">\n\t\t\t\t\t<h2 class=\"elementor-heading-title elementor-size-default\">chirurgia bariatrica e laparoscopica\n<\/h2>\t\t\t\t<\/div>\n\t\t\t\t<\/div>\n\t\t\t\t<div class=\"elementor-element elementor-element-65e3556 elementor-widget-divider--view-line elementor-widget elementor-widget-divider\" data-id=\"65e3556\" data-element_type=\"widget\" data-e-type=\"widget\" data-widget_type=\"divider.default\">\n\t\t\t\t<div class=\"elementor-widget-container\">\n\t\t\t\t\t\t\t<div class=\"elementor-divider\">\n\t\t\t<span class=\"elementor-divider-separator\">\n\t\t\t\t\t\t<\/span>\n\t\t<\/div>\n\t\t\t\t\t\t<\/div>\n\t\t\t\t<\/div>\n\t\t\t\t\t<\/div>\n\t\t\t\t<\/div>\n\t\t\t\t\t<\/div>\n\t\t\t\t<\/div>\n\t\t<div class=\"elementor-element elementor-element-a120d7f e-flex e-con-boxed e-con e-parent\" data-id=\"a120d7f\" data-element_type=\"container\" data-e-type=\"container\">\n\t\t\t\t\t<div class=\"e-con-inner\">\n\t\t<div class=\"elementor-element elementor-element-e597947 e-con-full e-flex e-con e-child\" data-id=\"e597947\" data-element_type=\"container\" data-e-type=\"container\">\n\t\t\t\t<div class=\"elementor-element elementor-element-4105dbe elementor-widget elementor-widget-text-editor\" data-id=\"4105dbe\" data-element_type=\"widget\" data-e-type=\"widget\" data-widget_type=\"text-editor.default\">\n\t\t\t\t<div class=\"elementor-widget-container\">\n\t\t\t\t\t\t\t\t\t<p>Con oltre un decennio di esperienza, il dottor Mocanu \u00e8 un rinomato chirurgo specializzato in chirurgia generale e digestiva, con una particolare attenzione alla chirurgia esofagea e gastrica.<\/p>\t\t\t\t\t\t\t\t<\/div>\n\t\t\t\t<\/div>\n\t\t\t\t<div class=\"elementor-element elementor-element-9afe154 elementor-widget elementor-widget-text-editor\" data-id=\"9afe154\" data-element_type=\"widget\" data-e-type=\"widget\" data-widget_type=\"text-editor.default\">\n\t\t\t\t<div class=\"elementor-widget-container\">\n\t\t\t\t\t\t\t\t\t<p>Su experiencia abarca desde la patolog\u00eda benigna a maligna, destac\u00e1ndose en <strong>cirug\u00eda bari\u00e1trica y laparosc\u00f3pica<\/strong>. Adem\u00e1s, tiene una amplia experiencia en la cirug\u00eda de la pared abdominal y patolog\u00eda benigna de la ves\u00edcula biliar. <\/p><p>\u00c8 membro attivo dell&#8217;Associazione Spagnola dei Chirurghi e dell&#8217;Associazione Europea di Chirurgia Endoscopica, a dimostrazione del suo impegno verso l&#8217;eccellenza e il progresso nel proprio settore.<\/p><p>Con una solida esperienza alle spalle, ha svolto il ruolo di medico interno specializzando in chirurgia generale e digestiva presso l\u2019Ospedale della Santa Creu i Sant Pau, e quello di medico assistente presso lo stesso ospedale e presso l\u2019Ospedale Generale di Catalogna.<\/p>\t\t\t\t\t\t\t\t<\/div>\n\t\t\t\t<\/div>\n\t\t\t\t<\/div>\n\t\t<div class=\"elementor-element elementor-element-717716d e-con-full e-flex e-con e-child\" data-id=\"717716d\" data-element_type=\"container\" data-e-type=\"container\">\n\t\t\t\t<div class=\"elementor-element elementor-element-ecf1c73 elementor-widget elementor-widget-image\" data-id=\"ecf1c73\" data-element_type=\"widget\" data-e-type=\"widget\" data-widget_type=\"image.default\">\n\t\t\t\t<div class=\"elementor-widget-container\">\n\t\t\t\t\t\t\t\t\t\t\t\t\t\t\t<img fetchpriority=\"high\" decoding=\"async\" width=\"800\" height=\"571\" src=\"https:\/\/doctorabraso.com\/wp-content\/uploads\/2024\/05\/dr-sorin-mocanu.webp\" class=\"attachment-large size-large wp-image-33908\" alt=\"Dott. Sorin Mocanu\" srcset=\"https:\/\/doctorabraso.com\/wp-content\/uploads\/2024\/05\/dr-sorin-mocanu.webp 1000w, https:\/\/doctorabraso.com\/wp-content\/uploads\/2024\/05\/dr-sorin-mocanu-300x214.webp 300w, https:\/\/doctorabraso.com\/wp-content\/uploads\/2024\/05\/dr-sorin-mocanu-768x548.webp 768w\" sizes=\"(max-width: 800px) 100vw, 800px\" \/>\t\t\t\t\t\t\t\t\t\t\t\t\t\t\t<\/div>\n\t\t\t\t<\/div>\n\t\t\t\t<\/div>\n\t\t\t\t\t<\/div>\n\t\t\t\t<\/div>\n\t\t\t\t<\/div>\n\t\t","protected":false},"excerpt":{"rendered":"<p>chirurgia bariatrica e laparoscopica Con oltre un decennio di esperienza, il dottor Mocanu \u00e8 un rinomato chirurgo specializzato in chirurgia generale e digestiva, con una particolare attenzione alla chirurgia esofagea e gastrica. Su experiencia abarca desde la patolog\u00eda benigna a maligna, destac\u00e1ndose en cirug\u00eda bari\u00e1trica y laparosc\u00f3pica. Adem\u00e1s, tiene una amplia experiencia en la cirug\u00eda [&hellip;]<\/p>\n","protected":false},"author":6,"featured_media":0,"parent":34079,"menu_order":0,"comment_status":"closed","ping_status":"closed","template":"","meta":{"_seopress_robots_primary_cat":"","_seopress_titles_title":"","_seopress_titles_desc":"","_seopress_robots_index":"","footnotes":""},"class_list":["post-35074","page","type-page","status-publish"],"_links":{"self":[{"href":"https:\/\/doctorabraso.com\/it\/wp-json\/wp\/v2\/pages\/35074","targetHints":{"allow":["GET"]}}],"collection":[{"href":"https:\/\/doctorabraso.com\/it\/wp-json\/wp\/v2\/pages"}],"about":[{"href":"https:\/\/doctorabraso.com\/it\/wp-json\/wp\/v2\/types\/page"}],"author":[{"embeddable":true,"href":"https:\/\/doctorabraso.com\/it\/wp-json\/wp\/v2\/users\/6"}],"replies":[{"embeddable":true,"href":"https:\/\/doctorabraso.com\/it\/wp-json\/wp\/v2\/comments?post=35074"}],"version-history":[{"count":4,"href":"https:\/\/doctorabraso.com\/it\/wp-json\/wp\/v2\/pages\/35074\/revisions"}],"predecessor-version":[{"id":35105,"href":"https:\/\/doctorabraso.com\/it\/wp-json\/wp\/v2\/pages\/35074\/revisions\/35105"}],"up":[{"embeddable":true,"href":"https:\/\/doctorabraso.com\/it\/wp-json\/wp\/v2\/pages\/34079"}],"wp:attachment":[{"href":"https:\/\/doctorabraso.com\/it\/wp-json\/wp\/v2\/media?parent=35074"}],"curies":[{"name":"wp","href":"https:\/\/api.w.org\/{rel}","templated":true}]}}