{"id":35076,"date":"2024-05-12T10:33:15","date_gmt":"2024-05-12T08:33:15","guid":{"rendered":"https:\/\/doctorabraso.com\/team\/dr-david-mis\/"},"modified":"2026-03-31T10:40:34","modified_gmt":"2026-03-31T08:40:34","slug":"dott-david-mis","status":"publish","type":"page","link":"https:\/\/doctorabraso.com\/it\/team\/dott-david-mis\/","title":{"rendered":"Dott. David Mis"},"content":{"rendered":"\t\t<div data-elementor-type=\"wp-page\" data-elementor-id=\"35076\" class=\"elementor elementor-35076 elementor-8892\" data-elementor-post-type=\"page\">\n\t\t\t\t<div class=\"elementor-element elementor-element-b96265b e-flex e-con-boxed e-con e-parent\" data-id=\"b96265b\" data-element_type=\"container\" data-e-type=\"container\">\n\t\t\t\t\t<div class=\"e-con-inner\">\n\t\t<div class=\"elementor-element elementor-element-8c96b6b e-flex e-con-boxed e-con e-child\" data-id=\"8c96b6b\" data-element_type=\"container\" data-e-type=\"container\">\n\t\t\t\t\t<div class=\"e-con-inner\">\n\t\t\t\t<div class=\"elementor-element elementor-element-b22d8a9 elementor-widget elementor-widget-theme-post-title elementor-page-title elementor-widget-heading\" data-id=\"b22d8a9\" data-element_type=\"widget\" data-e-type=\"widget\" data-widget_type=\"theme-post-title.default\">\n\t\t\t\t<div class=\"elementor-widget-container\">\n\t\t\t\t\t<h1 class=\"elementor-heading-title elementor-size-default\">Dott. David Mis<\/h1>\t\t\t\t<\/div>\n\t\t\t\t<\/div>\n\t\t\t\t<div class=\"elementor-element elementor-element-46676b2 elementor-widget elementor-widget-heading\" data-id=\"46676b2\" data-element_type=\"widget\" data-e-type=\"widget\" data-widget_type=\"heading.default\">\n\t\t\t\t<div class=\"elementor-widget-container\">\n\t\t\t\t\t<h2 class=\"elementor-heading-title elementor-size-default\">Chirurgia orale e maxillo-facciale\n<\/h2>\t\t\t\t<\/div>\n\t\t\t\t<\/div>\n\t\t\t\t<div class=\"elementor-element elementor-element-ba179cc elementor-widget-divider--view-line elementor-widget elementor-widget-divider\" data-id=\"ba179cc\" data-element_type=\"widget\" data-e-type=\"widget\" data-widget_type=\"divider.default\">\n\t\t\t\t<div class=\"elementor-widget-container\">\n\t\t\t\t\t\t\t<div class=\"elementor-divider\">\n\t\t\t<span class=\"elementor-divider-separator\">\n\t\t\t\t\t\t<\/span>\n\t\t<\/div>\n\t\t\t\t\t\t<\/div>\n\t\t\t\t<\/div>\n\t\t\t\t\t<\/div>\n\t\t\t\t<\/div>\n\t\t\t\t\t<\/div>\n\t\t\t\t<\/div>\n\t\t<div class=\"elementor-element elementor-element-cba4677 e-flex e-con-boxed e-con e-parent\" data-id=\"cba4677\" data-element_type=\"container\" data-e-type=\"container\">\n\t\t\t\t\t<div class=\"e-con-inner\">\n\t\t<div class=\"elementor-element elementor-element-23587fa e-con-full e-flex e-con e-child\" data-id=\"23587fa\" data-element_type=\"container\" data-e-type=\"container\">\n\t\t\t\t<div class=\"elementor-element elementor-element-1547f29 elementor-widget elementor-widget-text-editor\" data-id=\"1547f29\" data-element_type=\"widget\" data-e-type=\"widget\" data-widget_type=\"text-editor.default\">\n\t\t\t\t<div class=\"elementor-widget-container\">\n\t\t\t\t\t\t\t\t\t<p>Il dottor Mis Castell \u00e8 un chirurgo altamente specializzato in chirurgia orale e maxillo-facciale, laureato in Medicina e Chirurgia presso l&#8217;Universit\u00e0 di Barcellona (Hospital Cl\u00ednic). Vanta una formazione post-laurea di alto livello in diversi ambiti, tra cui l&#8217;implantologia, la chirurgia ortognatica, la rinoplastica e il ringiovanimento facciale. <\/p>\t\t\t\t\t\t\t\t<\/div>\n\t\t\t\t<\/div>\n\t\t\t\t<div class=\"elementor-element elementor-element-0161a6a elementor-widget elementor-widget-text-editor\" data-id=\"0161a6a\" data-element_type=\"widget\" data-e-type=\"widget\" data-widget_type=\"text-editor.default\">\n\t\t\t\t<div class=\"elementor-widget-container\">\n\t\t\t\t\t\t\t\t\t<p>Oltre ad essersi specializzato in Chirurgia orale e maxillo-facciale presso l&#8217;Ospedale della Vall d&#8217;Hebron, la sua formazione comprende uno studio approfondito delle malformazioni dento-facciali e del trattamento delle patologie dell&#8217;articolazione temporo-mandibolare.<\/p><p>Se ha mantenido a la vanguardia de la cirug\u00eda facial, destac\u00e1ndose en rinoplastia y t\u00e9cnicas de rejuvenecimiento facial, demostrando as\u00ed su compromiso con la mejora continua y la excelencia en la atenci\u00f3n a sus pacientes.<\/p>\t\t\t\t\t\t\t\t<\/div>\n\t\t\t\t<\/div>\n\t\t\t\t<\/div>\n\t\t<div class=\"elementor-element elementor-element-9bbb803 e-con-full e-flex e-con e-child\" data-id=\"9bbb803\" data-element_type=\"container\" data-e-type=\"container\">\n\t\t\t\t<div class=\"elementor-element elementor-element-0ef1b76 elementor-widget elementor-widget-image\" data-id=\"0ef1b76\" data-element_type=\"widget\" data-e-type=\"widget\" data-widget_type=\"image.default\">\n\t\t\t\t<div class=\"elementor-widget-container\">\n\t\t\t\t\t\t\t\t\t\t\t\t\t\t\t<img fetchpriority=\"high\" decoding=\"async\" width=\"800\" height=\"571\" src=\"https:\/\/doctorabraso.com\/wp-content\/uploads\/2024\/05\/dr-david-mis.webp\" class=\"attachment-large size-large wp-image-34036\" alt=\"Dott. David Mis\" srcset=\"https:\/\/doctorabraso.com\/wp-content\/uploads\/2024\/05\/dr-david-mis.webp 1000w, https:\/\/doctorabraso.com\/wp-content\/uploads\/2024\/05\/dr-david-mis-300x214.webp 300w, https:\/\/doctorabraso.com\/wp-content\/uploads\/2024\/05\/dr-david-mis-768x548.webp 768w\" sizes=\"(max-width: 800px) 100vw, 800px\" \/>\t\t\t\t\t\t\t\t\t\t\t\t\t\t\t<\/div>\n\t\t\t\t<\/div>\n\t\t\t\t<\/div>\n\t\t\t\t\t<\/div>\n\t\t\t\t<\/div>\n\t\t\t\t<\/div>\n\t\t","protected":false},"excerpt":{"rendered":"<p>Chirurgia orale e maxillo-facciale Il dottor Mis Castell \u00e8 un chirurgo altamente specializzato in chirurgia orale e maxillo-facciale, laureato in Medicina e Chirurgia presso l&#8217;Universit\u00e0 di Barcellona (Hospital Cl\u00ednic). Vanta una formazione post-laurea di alto livello in diversi ambiti, tra cui l&#8217;implantologia, la chirurgia ortognatica, la rinoplastica e il ringiovanimento facciale. Oltre ad essersi specializzato [&hellip;]<\/p>\n","protected":false},"author":6,"featured_media":0,"parent":34079,"menu_order":0,"comment_status":"closed","ping_status":"closed","template":"","meta":{"_seopress_robots_primary_cat":"","_seopress_titles_title":"","_seopress_titles_desc":"","_seopress_robots_index":"","footnotes":""},"class_list":["post-35076","page","type-page","status-publish"],"_links":{"self":[{"href":"https:\/\/doctorabraso.com\/it\/wp-json\/wp\/v2\/pages\/35076","targetHints":{"allow":["GET"]}}],"collection":[{"href":"https:\/\/doctorabraso.com\/it\/wp-json\/wp\/v2\/pages"}],"about":[{"href":"https:\/\/doctorabraso.com\/it\/wp-json\/wp\/v2\/types\/page"}],"author":[{"embeddable":true,"href":"https:\/\/doctorabraso.com\/it\/wp-json\/wp\/v2\/users\/6"}],"replies":[{"embeddable":true,"href":"https:\/\/doctorabraso.com\/it\/wp-json\/wp\/v2\/comments?post=35076"}],"version-history":[{"count":4,"href":"https:\/\/doctorabraso.com\/it\/wp-json\/wp\/v2\/pages\/35076\/revisions"}],"predecessor-version":[{"id":35092,"href":"https:\/\/doctorabraso.com\/it\/wp-json\/wp\/v2\/pages\/35076\/revisions\/35092"}],"up":[{"embeddable":true,"href":"https:\/\/doctorabraso.com\/it\/wp-json\/wp\/v2\/pages\/34079"}],"wp:attachment":[{"href":"https:\/\/doctorabraso.com\/it\/wp-json\/wp\/v2\/media?parent=35076"}],"curies":[{"name":"wp","href":"https:\/\/api.w.org\/{rel}","templated":true}]}}