{"id":35077,"date":"2025-11-27T14:12:28","date_gmt":"2025-11-27T13:12:28","guid":{"rendered":"https:\/\/doctorabraso.com\/team\/dr-nicolas-bigalli\/"},"modified":"2026-03-31T10:39:43","modified_gmt":"2026-03-31T08:39:43","slug":"dr-nicolas-bigalli","status":"publish","type":"page","link":"https:\/\/doctorabraso.com\/it\/team\/dr-nicolas-bigalli\/","title":{"rendered":"Dott. Nicol\u00e1s Bigalli"},"content":{"rendered":"\t\t<div data-elementor-type=\"wp-page\" data-elementor-id=\"35077\" class=\"elementor elementor-35077 elementor-30331\" data-elementor-post-type=\"page\">\n\t\t\t\t<div class=\"elementor-element elementor-element-2f5b454 e-flex e-con-boxed e-con e-parent\" data-id=\"2f5b454\" data-element_type=\"container\" data-e-type=\"container\">\n\t\t\t\t\t<div class=\"e-con-inner\">\n\t\t<div class=\"elementor-element elementor-element-7dd05ed e-flex e-con-boxed e-con e-child\" data-id=\"7dd05ed\" data-element_type=\"container\" data-e-type=\"container\">\n\t\t\t\t\t<div class=\"e-con-inner\">\n\t\t\t\t<div class=\"elementor-element elementor-element-ad9d0a2 elementor-widget elementor-widget-theme-post-title elementor-page-title elementor-widget-heading\" data-id=\"ad9d0a2\" data-element_type=\"widget\" data-e-type=\"widget\" data-widget_type=\"theme-post-title.default\">\n\t\t\t\t<div class=\"elementor-widget-container\">\n\t\t\t\t\t<h1 class=\"elementor-heading-title elementor-size-default\">Dott. Nicol\u00e1s Bigalli<\/h1>\t\t\t\t<\/div>\n\t\t\t\t<\/div>\n\t\t\t\t<div class=\"elementor-element elementor-element-99c8b47 elementor-widget elementor-widget-heading\" data-id=\"99c8b47\" data-element_type=\"widget\" data-e-type=\"widget\" data-widget_type=\"heading.default\">\n\t\t\t\t<div class=\"elementor-widget-container\">\n\t\t\t\t\t<h2 class=\"elementor-heading-title elementor-size-default\">Specialista in chirurgia plastica, estetica e ricostruttiva\n<\/h2>\t\t\t\t<\/div>\n\t\t\t\t<\/div>\n\t\t\t\t<div class=\"elementor-element elementor-element-1d948ce elementor-widget-divider--view-line elementor-widget elementor-widget-divider\" data-id=\"1d948ce\" data-element_type=\"widget\" data-e-type=\"widget\" data-widget_type=\"divider.default\">\n\t\t\t\t<div class=\"elementor-widget-container\">\n\t\t\t\t\t\t\t<div class=\"elementor-divider\">\n\t\t\t<span class=\"elementor-divider-separator\">\n\t\t\t\t\t\t<\/span>\n\t\t<\/div>\n\t\t\t\t\t\t<\/div>\n\t\t\t\t<\/div>\n\t\t\t\t\t<\/div>\n\t\t\t\t<\/div>\n\t\t\t\t\t<\/div>\n\t\t\t\t<\/div>\n\t\t<div class=\"elementor-element elementor-element-a09494b e-flex e-con-boxed e-con e-parent\" data-id=\"a09494b\" data-element_type=\"container\" data-e-type=\"container\">\n\t\t\t\t\t<div class=\"e-con-inner\">\n\t\t<div class=\"elementor-element elementor-element-303166c e-con-full e-flex e-con e-child\" data-id=\"303166c\" data-element_type=\"container\" data-e-type=\"container\">\n\t\t\t\t<div class=\"elementor-element elementor-element-d637169 elementor-widget elementor-widget-text-editor\" data-id=\"d637169\" data-element_type=\"widget\" data-e-type=\"widget\" data-widget_type=\"text-editor.default\">\n\t\t\t\t<div class=\"elementor-widget-container\">\n\t\t\t\t\t\t\t\t\t<p>Il dottor Bigallli utilizza tecniche avanzate che combinano chirurgia plastica e medicina estetica, sempre orientate a risultati naturali e personalizzati. La sua formazione continua gli consente di applicare le ultime innovazioni \u2014 con precisione, sensibilit\u00e0 estetica e un approccio personalizzato \u2014 per ottenere risultati delicati ma di alta qualit\u00e0. <\/p>\t\t\t\t\t\t\t\t<\/div>\n\t\t\t\t<\/div>\n\t\t\t\t<div class=\"elementor-element elementor-element-10c3125 elementor-widget elementor-widget-text-editor\" data-id=\"10c3125\" data-element_type=\"widget\" data-e-type=\"widget\" data-widget_type=\"text-editor.default\">\n\t\t\t\t<div class=\"elementor-widget-container\">\n\t\t\t\t\t\t\t\t\t<p>Il suo approccio consiste nel trattare ogni caso in modo personalizzato, al fine di ottenere i migliori risultati e soddisfare le esigenze di ogni paziente.<\/p><div class=\"elementor-element elementor-element-0cfaa03 elementor-widget elementor-widget-text-editor\" data-id=\"0cfaa03\" data-element_type=\"widget\" data-widget_type=\"text-editor.default\"><div class=\"elementor-widget-container\"><div class=\"wpb_text_column wpb_content_element \"><div class=\"wpb_wrapper\"><p><strong>\u00abCombino tecniche chirurgiche di alta precisione con protocolli di recupero rapido, privilegiando risultati naturali e tempi di convalescenza nettamente ridotti. Lavoro con un approccio personalizzato e metodi minimamente invasivi che ottimizzano il risultato estetico senza compromettere n\u00e9 la sicurezza n\u00e9 i dettagli.\u00bb<\/strong><\/p><\/div><\/div><div class=\"vc_empty_space\"> <\/div><div class=\"wpb_text_column wpb_content_element \"><div class=\"wpb_wrapper\"><p><strong>Dott. Nicol\u00e1s Bigalli<\/strong><br>S<em>pecialista in chirurgia plastica, estetica e ricostruttiva<\/em><\/p><\/div><\/div><\/div><\/div>\t\t\t\t\t\t\t\t<\/div>\n\t\t\t\t<\/div>\n\t\t\t\t<\/div>\n\t\t<div class=\"elementor-element elementor-element-edd9fe5 e-con-full e-flex e-con e-child\" data-id=\"edd9fe5\" data-element_type=\"container\" data-e-type=\"container\">\n\t\t\t\t<div class=\"elementor-element elementor-element-f4e0004 elementor-widget elementor-widget-image\" data-id=\"f4e0004\" data-element_type=\"widget\" data-e-type=\"widget\" data-widget_type=\"image.default\">\n\t\t\t\t<div class=\"elementor-widget-container\">\n\t\t\t\t\t\t\t\t\t\t\t\t\t\t\t<img fetchpriority=\"high\" decoding=\"async\" width=\"740\" height=\"924\" src=\"https:\/\/doctorabraso.com\/wp-content\/smush-webp\/2025\/11\/33eaffe28fccc871375d8ac670c8b7bd_exif.jpg.webp\" class=\"attachment-full size-full wp-image-34205\" alt=\"Dott. Nicol\u00e1s Bigalli\" srcset=\"https:\/\/doctorabraso.com\/wp-content\/smush-webp\/2025\/11\/33eaffe28fccc871375d8ac670c8b7bd_exif.jpg.webp 740w, https:\/\/doctorabraso.com\/wp-content\/smush-webp\/2025\/11\/33eaffe28fccc871375d8ac670c8b7bd_exif-240x300.jpg.webp 240w\" sizes=\"(max-width: 740px) 100vw, 740px\" \/>\t\t\t\t\t\t\t\t\t\t\t\t\t\t\t<\/div>\n\t\t\t\t<\/div>\n\t\t\t\t<\/div>\n\t\t\t\t\t<\/div>\n\t\t\t\t<\/div>\n\t\t\t\t<\/div>\n\t\t","protected":false},"excerpt":{"rendered":"<p>Specialista in chirurgia plastica, estetica e ricostruttiva Il dottor Bigallli utilizza tecniche avanzate che combinano chirurgia plastica e medicina estetica, sempre orientate a risultati naturali e personalizzati. La sua formazione continua gli consente di applicare le ultime innovazioni \u2014 con precisione, sensibilit\u00e0 estetica e un approccio personalizzato \u2014 per ottenere risultati delicati ma di alta [&hellip;]<\/p>\n","protected":false},"author":6,"featured_media":0,"parent":34079,"menu_order":0,"comment_status":"closed","ping_status":"closed","template":"","meta":{"_seopress_robots_primary_cat":"","_seopress_titles_title":"Dott. Nicol\u00e1s Bigalli, chirurgia plastica, estetica e ricostruttiva | Clinica Bras\u00f3","_seopress_titles_desc":"El Dr. Nicol\u00e1s Bigalli combina cirug\u00eda pl\u00e1stica y medicina est\u00e9tica, siempre orientadas a resultados naturales y personalizados.","_seopress_robots_index":"","footnotes":""},"class_list":["post-35077","page","type-page","status-publish"],"_links":{"self":[{"href":"https:\/\/doctorabraso.com\/it\/wp-json\/wp\/v2\/pages\/35077","targetHints":{"allow":["GET"]}}],"collection":[{"href":"https:\/\/doctorabraso.com\/it\/wp-json\/wp\/v2\/pages"}],"about":[{"href":"https:\/\/doctorabraso.com\/it\/wp-json\/wp\/v2\/types\/page"}],"author":[{"embeddable":true,"href":"https:\/\/doctorabraso.com\/it\/wp-json\/wp\/v2\/users\/6"}],"replies":[{"embeddable":true,"href":"https:\/\/doctorabraso.com\/it\/wp-json\/wp\/v2\/comments?post=35077"}],"version-history":[{"count":2,"href":"https:\/\/doctorabraso.com\/it\/wp-json\/wp\/v2\/pages\/35077\/revisions"}],"predecessor-version":[{"id":35090,"href":"https:\/\/doctorabraso.com\/it\/wp-json\/wp\/v2\/pages\/35077\/revisions\/35090"}],"up":[{"embeddable":true,"href":"https:\/\/doctorabraso.com\/it\/wp-json\/wp\/v2\/pages\/34079"}],"wp:attachment":[{"href":"https:\/\/doctorabraso.com\/it\/wp-json\/wp\/v2\/media?parent=35077"}],"curies":[{"name":"wp","href":"https:\/\/api.w.org\/{rel}","templated":true}]}}