{"id":35111,"date":"2024-05-24T08:48:52","date_gmt":"2024-05-24T06:48:52","guid":{"rendered":"https:\/\/doctorabraso.com\/team\/marta-roig-2\/"},"modified":"2026-03-31T10:52:37","modified_gmt":"2026-03-31T08:52:37","slug":"marta-roig","status":"publish","type":"page","link":"https:\/\/doctorabraso.com\/it\/team\/marta-roig\/","title":{"rendered":"Marta Roig"},"content":{"rendered":"\t\t<div data-elementor-type=\"wp-page\" data-elementor-id=\"35111\" class=\"elementor elementor-35111 elementor-10322\" data-elementor-post-type=\"page\">\n\t\t\t\t<div class=\"elementor-element elementor-element-a5ecbbb e-flex e-con-boxed e-con e-parent\" data-id=\"a5ecbbb\" data-element_type=\"container\" data-e-type=\"container\">\n\t\t\t\t\t<div class=\"e-con-inner\">\n\t\t<div class=\"elementor-element elementor-element-6a773b2 e-flex e-con-boxed e-con e-child\" data-id=\"6a773b2\" data-element_type=\"container\" data-e-type=\"container\">\n\t\t\t\t\t<div class=\"e-con-inner\">\n\t\t\t\t<div class=\"elementor-element elementor-element-09c9afe elementor-widget elementor-widget-theme-post-title elementor-page-title elementor-widget-heading\" data-id=\"09c9afe\" data-element_type=\"widget\" data-e-type=\"widget\" data-widget_type=\"theme-post-title.default\">\n\t\t\t\t<div class=\"elementor-widget-container\">\n\t\t\t\t\t<h1 class=\"elementor-heading-title elementor-size-default\">Marta Roig<\/h1>\t\t\t\t<\/div>\n\t\t\t\t<\/div>\n\t\t\t\t<div class=\"elementor-element elementor-element-2120187 elementor-widget elementor-widget-heading\" data-id=\"2120187\" data-element_type=\"widget\" data-e-type=\"widget\" data-widget_type=\"heading.default\">\n\t\t\t\t<div class=\"elementor-widget-container\">\n\t\t\t\t\t<h2 class=\"elementor-heading-title elementor-size-default\">SPECIALISTA IN NUTRIZIONE E SALUTE OLISTICA<\/h2>\t\t\t\t<\/div>\n\t\t\t\t<\/div>\n\t\t\t\t<div class=\"elementor-element elementor-element-0fec4a8 elementor-widget-divider--view-line elementor-widget elementor-widget-divider\" data-id=\"0fec4a8\" data-element_type=\"widget\" data-e-type=\"widget\" data-widget_type=\"divider.default\">\n\t\t\t\t<div class=\"elementor-widget-container\">\n\t\t\t\t\t\t\t<div class=\"elementor-divider\">\n\t\t\t<span class=\"elementor-divider-separator\">\n\t\t\t\t\t\t<\/span>\n\t\t<\/div>\n\t\t\t\t\t\t<\/div>\n\t\t\t\t<\/div>\n\t\t\t\t\t<\/div>\n\t\t\t\t<\/div>\n\t\t\t\t\t<\/div>\n\t\t\t\t<\/div>\n\t\t<div class=\"elementor-element elementor-element-f2edb63 e-flex e-con-boxed e-con e-parent\" data-id=\"f2edb63\" data-element_type=\"container\" data-e-type=\"container\">\n\t\t\t\t\t<div class=\"e-con-inner\">\n\t\t<div class=\"elementor-element elementor-element-e362224 e-con-full e-flex e-con e-child\" data-id=\"e362224\" data-element_type=\"container\" data-e-type=\"container\">\n\t\t\t\t<div class=\"elementor-element elementor-element-1b35c7a elementor-widget elementor-widget-text-editor\" data-id=\"1b35c7a\" data-element_type=\"widget\" data-e-type=\"widget\" data-widget_type=\"text-editor.default\">\n\t\t\t\t<div class=\"elementor-widget-container\">\n\t\t\t\t\t\t\t\t\t<p>Marta Roig \u00e8 una professionista appassionata e dedita alla nutrizione, con una storia personale fatta di lotte e superamento delle difficolt\u00e0 che l&#8217;ha portata a riorientare la propria carriera verso ci\u00f2 che la ispira davvero. Dopo aver conseguito la laurea in Giurisprudenza presso l&#8217;Universit\u00e0 di Barcellona e aver lavorato come funzionaria pubblica per 20 anni, Marta ha deciso di seguire la sua vera vocazione: la nutrizione e la salute olistica. <\/p>\t\t\t\t\t\t\t\t<\/div>\n\t\t\t\t<\/div>\n\t\t\t\t<div class=\"elementor-element elementor-element-5a333ef elementor-widget elementor-widget-text-editor\" data-id=\"5a333ef\" data-element_type=\"widget\" data-e-type=\"widget\" data-widget_type=\"text-editor.default\">\n\t\t\t\t<div class=\"elementor-widget-container\">\n\t\t\t\t\t\t\t\t\t<p>Grazie a una formazione ampia e diversificata, Marta ha conseguito il titolo di Tecnico Superiore in Dietetica Sportiva presso LINKIAFP e ha completato studi avanzati in nutrizione e salute ormonale femminile presso l&#8217;INCS, oltre a un master in Nutrizione e Patologie Digestive. La sua formazione comprende inoltre corsi specializzati in nutrizione sportiva, integrazione alimentare e salute digestiva presso istituzioni quali ORTHOS, ANEF, ISMET e CEAN. <\/p><p><strong>Specializzazione in lipedema e diete antinfiammatorie<\/strong><\/p><p>Marta \u00e8 una delle poche specialiste in Spagna ad adottare un approccio globale e personalizzato nel trattamento del lipedema, una patologia cronica e progressiva che colpisce principalmente le donne. Grazie alla sua esperienza e alle sue competenze, Marta propone programmi nutrizionali su misura che aiutano a ridurre l&#8217;infiammazione, migliorare la circolazione e gestire il dolore associato al lipedema. <\/p><p>Inoltre, \u00e8 specializzata in patologie digestive e offre consulenze specialistiche e soluzioni alimentari personalizzate per i disturbi digestivi cronici. Il suo approccio olistico e basato su prove scientifiche consente ai suoi pazienti di trovare sollievo e migliorare la loro qualit\u00e0 di vita. <\/p><p><strong>Diete antinfiammatorie e salute ormonale<\/strong><\/p><p>Un altro ambito importante della sua attivit\u00e0 \u00e8 costituito dalle diete antinfiammatorie, pensate soprattutto per chi soffre di malattie autoimmuni o infiammatorie croniche, oppure per chi desidera migliorare il proprio benessere generale.<\/p><p>Con un approccio incentrato sulla salute ormonale, Marta aiuta le donne a riequilibrare i propri ormoni attraverso l&#8217;alimentazione, alleviando sintomi quali la sindrome premestruale, la menopausa e altri squilibri ormonali.<\/p><p><strong>Impegno e passione per la salute<\/strong><\/p><p>Lo que distingue a Marta es su compromiso inquebrantable con la salud y el bienestar de sus pacientes. Continuamente se forma en nuevas \u00e1reas de la salud y la anal\u00edtica, asegur\u00e1ndose de que sus conocimientos est\u00e9n siempre actualizados. Su pasi\u00f3n por compartir estos conocimientos y ver resultados positivos en sus pacientes es lo que la motiva cada d\u00eda.  <\/p>\t\t\t\t\t\t\t\t<\/div>\n\t\t\t\t<\/div>\n\t\t\t\t<\/div>\n\t\t<div class=\"elementor-element elementor-element-f44e987 e-con-full e-flex e-con e-child\" data-id=\"f44e987\" data-element_type=\"container\" data-e-type=\"container\">\n\t\t\t\t<div class=\"elementor-element elementor-element-461f9c9 elementor-widget elementor-widget-image\" data-id=\"461f9c9\" data-element_type=\"widget\" data-e-type=\"widget\" data-widget_type=\"image.default\">\n\t\t\t\t<div class=\"elementor-widget-container\">\n\t\t\t\t\t\t\t\t\t\t\t\t\t\t\t<img fetchpriority=\"high\" decoding=\"async\" width=\"1000\" height=\"714\" src=\"https:\/\/doctorabraso.com\/wp-content\/uploads\/2024\/05\/marta-roig.webp\" class=\"attachment-full size-full wp-image-34033\" alt=\"Marta Roig\" srcset=\"https:\/\/doctorabraso.com\/wp-content\/uploads\/2024\/05\/marta-roig.webp 1000w, https:\/\/doctorabraso.com\/wp-content\/uploads\/2024\/05\/marta-roig-300x214.webp 300w, https:\/\/doctorabraso.com\/wp-content\/uploads\/2024\/05\/marta-roig-768x548.webp 768w\" sizes=\"(max-width: 1000px) 100vw, 1000px\" \/>\t\t\t\t\t\t\t\t\t\t\t\t\t\t\t<\/div>\n\t\t\t\t<\/div>\n\t\t\t\t<\/div>\n\t\t\t\t\t<\/div>\n\t\t\t\t<\/div>\n\t\t\t\t<\/div>\n\t\t","protected":false},"excerpt":{"rendered":"<p>SPECIALISTA IN NUTRIZIONE E SALUTE OLISTICA Marta Roig \u00e8 una professionista appassionata e dedita alla nutrizione, con una storia personale fatta di lotte e superamento delle difficolt\u00e0 che l&#8217;ha portata a riorientare la propria carriera verso ci\u00f2 che la ispira davvero. Dopo aver conseguito la laurea in Giurisprudenza presso l&#8217;Universit\u00e0 di Barcellona e aver lavorato [&hellip;]<\/p>\n","protected":false},"author":6,"featured_media":0,"parent":34079,"menu_order":0,"comment_status":"closed","ping_status":"closed","template":"","meta":{"_seopress_robots_primary_cat":"","_seopress_titles_title":"","_seopress_titles_desc":"","_seopress_robots_index":"","footnotes":""},"class_list":["post-35111","page","type-page","status-publish"],"_links":{"self":[{"href":"https:\/\/doctorabraso.com\/it\/wp-json\/wp\/v2\/pages\/35111","targetHints":{"allow":["GET"]}}],"collection":[{"href":"https:\/\/doctorabraso.com\/it\/wp-json\/wp\/v2\/pages"}],"about":[{"href":"https:\/\/doctorabraso.com\/it\/wp-json\/wp\/v2\/types\/page"}],"author":[{"embeddable":true,"href":"https:\/\/doctorabraso.com\/it\/wp-json\/wp\/v2\/users\/6"}],"replies":[{"embeddable":true,"href":"https:\/\/doctorabraso.com\/it\/wp-json\/wp\/v2\/comments?post=35111"}],"version-history":[{"count":8,"href":"https:\/\/doctorabraso.com\/it\/wp-json\/wp\/v2\/pages\/35111\/revisions"}],"predecessor-version":[{"id":35123,"href":"https:\/\/doctorabraso.com\/it\/wp-json\/wp\/v2\/pages\/35111\/revisions\/35123"}],"up":[{"embeddable":true,"href":"https:\/\/doctorabraso.com\/it\/wp-json\/wp\/v2\/pages\/34079"}],"wp:attachment":[{"href":"https:\/\/doctorabraso.com\/it\/wp-json\/wp\/v2\/media?parent=35111"}],"curies":[{"name":"wp","href":"https:\/\/api.w.org\/{rel}","templated":true}]}}